{"id":1370,"date":"2016-04-04T15:48:18","date_gmt":"2016-04-04T15:48:18","guid":{"rendered":"http:\/\/cellwaterv2.cellwater.pt\/?post_type=product&#038;p=1370"},"modified":"2017-07-13T02:48:50","modified_gmt":"2017-07-13T02:48:50","slug":"cellrad-ac20","status":"publish","type":"product","link":"https:\/\/www.cellwater.pt\/cellwater\/pt\/produto\/cellrad-ac20\/","title":{"rendered":"CELLRAD AC20"},"content":{"rendered":"<p>O <strong>CELLRAD AC20<\/strong> \u00e9 um fluido anticongelante e de protec\u00e7\u00e3o anticorrosiva, a ser utilizado como l\u00edquido refrigerante em motores ou sistemas de refrigera\u00e7\u00e3o em circuito fechados. Evita o congelamento no Inverno e o sobreaquecimento no Ver\u00e3o.<\/p>\n","protected":false},"excerpt":{"rendered":"<p><strong>Fluido anticongelante e anticorrosivo<\/strong><\/p>\n","protected":false},"featured_media":1966,"comment_status":"closed","ping_status":"closed","template":"","meta":[],"product_brand":[],"product_cat":[61,60],"product_tag":[],"class_list":{"0":"post-1370","1":"product","2":"type-product","3":"status-publish","4":"has-post-thumbnail","6":"product_cat-limpeza-e-manutencao","7":"product_cat-ramo-automovel","9":"first","10":"instock","11":"downloadable","12":"shipping-taxable","13":"product-type-simple"},"_links":{"self":[{"href":"https:\/\/www.cellwater.pt\/cellwater\/pt\/wp-json\/wp\/v2\/product\/1370","targetHints":{"allow":["GET"]}}],"collection":[{"href":"https:\/\/www.cellwater.pt\/cellwater\/pt\/wp-json\/wp\/v2\/product"}],"about":[{"href":"https:\/\/www.cellwater.pt\/cellwater\/pt\/wp-json\/wp\/v2\/types\/product"}],"replies":[{"embeddable":true,"href":"https:\/\/www.cellwater.pt\/cellwater\/pt\/wp-json\/wp\/v2\/comments?post=1370"}],"wp:featuredmedia":[{"embeddable":true,"href":"https:\/\/www.cellwater.pt\/cellwater\/pt\/wp-json\/wp\/v2\/media\/1966"}],"wp:attachment":[{"href":"https:\/\/www.cellwater.pt\/cellwater\/pt\/wp-json\/wp\/v2\/media?parent=1370"}],"wp:term":[{"taxonomy":"product_brand","embeddable":true,"href":"https:\/\/www.cellwater.pt\/cellwater\/pt\/wp-json\/wp\/v2\/product_brand?post=1370"},{"taxonomy":"product_cat","embeddable":true,"href":"https:\/\/www.cellwater.pt\/cellwater\/pt\/wp-json\/wp\/v2\/product_cat?post=1370"},{"taxonomy":"product_tag","embeddable":true,"href":"https:\/\/www.cellwater.pt\/cellwater\/pt\/wp-json\/wp\/v2\/product_tag?post=1370"}],"curies":[{"name":"wp","href":"https:\/\/api.w.org\/{rel}","templated":true}]}}