{"id":1254,"date":"2016-04-01T17:05:11","date_gmt":"2016-04-01T17:05:11","guid":{"rendered":"http:\/\/cellwaterv2.cellwater.pt\/?post_type=product&#038;p=1254"},"modified":"2017-08-19T22:47:03","modified_gmt":"2017-08-19T22:47:03","slug":"cellflock","status":"publish","type":"product","link":"https:\/\/www.cellwater.pt\/cellwater\/pt\/produto\/cellflock\/","title":{"rendered":"CELLFLOCK"},"content":{"rendered":"<p>\u00c9 um floculante s\u00f3lido recomendado para a clarifica\u00e7\u00e3o da \u00e1gua sempre que a mesma se encontre turva, devido a part\u00edculas s\u00f3lidas em suspens\u00e3o.<\/p>\n","protected":false},"excerpt":{"rendered":"<p><strong>Floculante s\u00f3lido para tratamento de \u00e1guas de Piscinas<\/strong><\/p>\n","protected":false},"featured_media":1998,"comment_status":"closed","ping_status":"closed","template":"","meta":[],"product_brand":[],"product_cat":[53,51],"product_tag":[],"class_list":{"0":"post-1254","1":"product","2":"type-product","3":"status-publish","4":"has-post-thumbnail","6":"product_cat-piscinas","7":"product_cat-tratamento-de-aguas","9":"first","10":"instock","11":"downloadable","12":"shipping-taxable","13":"product-type-simple"},"_links":{"self":[{"href":"https:\/\/www.cellwater.pt\/cellwater\/pt\/wp-json\/wp\/v2\/product\/1254","targetHints":{"allow":["GET"]}}],"collection":[{"href":"https:\/\/www.cellwater.pt\/cellwater\/pt\/wp-json\/wp\/v2\/product"}],"about":[{"href":"https:\/\/www.cellwater.pt\/cellwater\/pt\/wp-json\/wp\/v2\/types\/product"}],"replies":[{"embeddable":true,"href":"https:\/\/www.cellwater.pt\/cellwater\/pt\/wp-json\/wp\/v2\/comments?post=1254"}],"wp:featuredmedia":[{"embeddable":true,"href":"https:\/\/www.cellwater.pt\/cellwater\/pt\/wp-json\/wp\/v2\/media\/1998"}],"wp:attachment":[{"href":"https:\/\/www.cellwater.pt\/cellwater\/pt\/wp-json\/wp\/v2\/media?parent=1254"}],"wp:term":[{"taxonomy":"product_brand","embeddable":true,"href":"https:\/\/www.cellwater.pt\/cellwater\/pt\/wp-json\/wp\/v2\/product_brand?post=1254"},{"taxonomy":"product_cat","embeddable":true,"href":"https:\/\/www.cellwater.pt\/cellwater\/pt\/wp-json\/wp\/v2\/product_cat?post=1254"},{"taxonomy":"product_tag","embeddable":true,"href":"https:\/\/www.cellwater.pt\/cellwater\/pt\/wp-json\/wp\/v2\/product_tag?post=1254"}],"curies":[{"name":"wp","href":"https:\/\/api.w.org\/{rel}","templated":true}]}}