{"id":83259,"date":"2025-05-14T16:49:18","date_gmt":"2025-05-14T16:49:18","guid":{"rendered":"https:\/\/www.cellwater.pt\/cellwater\/?page_id=83259"},"modified":"2025-05-14T17:05:55","modified_gmt":"2025-05-14T17:05:55","slug":"new-greencell","status":"publish","type":"page","link":"https:\/\/www.cellwater.pt\/cellwater\/pt\/new-greencell\/","title":{"rendered":"NEW GreenCELL"},"content":{"rendered":"<section class=\"wpb-content-wrapper\"><p>[vc_row][vc_column width=&#8221;1\/1&#8243;]<div class=\"single_image wpb_content_element align-left    \" data-animation=\"none\" data-delay=\"0\"><img loading=\"lazy\" decoding=\"async\" width=\"2560\" height=\"293\" src=\"https:\/\/www.cellwater.pt\/cellwater\/wp-content\/uploads\/2025\/05\/CENTRO2030_BarraCofinan_Ass_RGB-scaled.png\" class=\"attachment-full\" alt=\"\" title=\"CENTRO2030_BarraCofinan_Ass_RGB\" srcset=\"https:\/\/www.cellwater.pt\/cellwater\/wp-content\/uploads\/2025\/05\/CENTRO2030_BarraCofinan_Ass_RGB-scaled.png 2560w, https:\/\/www.cellwater.pt\/cellwater\/wp-content\/uploads\/2025\/05\/CENTRO2030_BarraCofinan_Ass_RGB-300x34.png 300w, https:\/\/www.cellwater.pt\/cellwater\/wp-content\/uploads\/2025\/05\/CENTRO2030_BarraCofinan_Ass_RGB-1024x117.png 1024w, https:\/\/www.cellwater.pt\/cellwater\/wp-content\/uploads\/2025\/05\/CENTRO2030_BarraCofinan_Ass_RGB-150x17.png 150w, https:\/\/www.cellwater.pt\/cellwater\/wp-content\/uploads\/2025\/05\/CENTRO2030_BarraCofinan_Ass_RGB-1536x176.png 1536w, https:\/\/www.cellwater.pt\/cellwater\/wp-content\/uploads\/2025\/05\/CENTRO2030_BarraCofinan_Ass_RGB-2048x235.png 2048w\" sizes=\"auto, (max-width: 2560px) 100vw, 2560px\" \/><\/div>[\/vc_column][\/vc_row][vc_row][vc_column width=&#8221;1\/1&#8243;][vc_column_text]<strong>NEW GreenCELL &#8211; Aumento de capacidade produtiva de novas solu\u00e7\u00f5es de base qu\u00edmica<\/strong><\/p>\n<p>CELLWATER &#8211; Produtos Qu\u00edmicos para a Ind\u00fastria, Unipessoal Lda.<\/p>\n<p>Entroncamento &#8211; Santar\u00e9m<\/p>\n<p><strong>Prioridade<\/strong><\/p>\n<p>O projeto de investimento delineado pela CELLWATER demonstra uma estrat\u00e9gia de refor\u00e7o e diversifica\u00e7\u00e3o da atividade e aumento da competitividade da Empresa, visando responder de forma din\u00e2mica \u00e0s exig\u00eancias do mercado, atrav\u00e9s da introdu\u00e7\u00e3o de novas compet\u00eancias, associadas a tecnologias de ponta para o setor, bem como aos princ\u00edpios da Ind\u00fastria 4.0, que permitir\u00e3o a amplia\u00e7\u00e3o da sua unidade produtiva, de forma moderna, automatizada, energeticamente sustent\u00e1vel e eficiente.<\/p>\n<p>Principais objetivos do projeto:<br \/>\n(i) Aumento de capacidade produtiva com 1.000m2 de nova \u00e1rea fabril;<br \/>\n(ii) Por via da capacidade tecnol\u00f3gica a instalar, garantir sinergias por ganhos de produtividade;<br \/>\n(iii) Produzir uma nova gama de produtos para o tratamento qu\u00edmico de \u00e1gua, inovadores e diferenciados, e de elevado valor acrescentado;<br \/>\n(iv) Promover a oferta de produtos environmentally friendly.<\/p>\n<p>Investimento Total | 1.031.006,67 EUR<\/p>\n<p>Apoio financeiro da uni\u00e3o europeia | 229.015,38 EUR[\/vc_column_text][\/vc_column][\/vc_row][vc_row][vc_column width=&#8221;1\/1&#8243;]<div class=\"iconbox  wpb_content_element iconbox-style-2 icon-color-accent color-dark clearfix\"><div class=\"iconbox-icon\"><img src='https:\/\/www.cellwater.pt\/cellwater\/wp-content\/uploads\/2016\/03\/pdf.png' class='iconimg' alt='' \/><\/div><div class=\"iconbox-content\"><h3><\/h3><p><a href=\"http:\/\/www.cellwater.pt\/cellwater\/wp-content\/uploads\/2025\/05\/Ficha_de_Operacao_NEW_GreenCELL.pdf\" target=\"_blank\" rel=\"noopener\">Ficha de Operacao NEW GreenCELL<\/a><\/p><\/div><\/div>[\/vc_column][\/vc_row]<\/p>\n<\/section>","protected":false},"excerpt":{"rendered":"<p>[vc_row][vc_column width=&#8221;1\/1&#8243;][\/vc_column][\/vc_row][vc_row][vc_column width=&#8221;1\/1&#8243;][vc_column_text]NEW GreenCELL &#8211; Aumento de capacidade produtiva de novas solu\u00e7\u00f5es de base qu\u00edmica CELLWATER &#8211; Produtos Qu\u00edmicos para a Ind\u00fastria, Unipessoal Lda. Entroncamento &#8211; Santar\u00e9m Prioridade O projeto de investimento delineado pela CELLWATER demonstra uma estrat\u00e9gia de refor\u00e7o e diversifica\u00e7\u00e3o da atividade e aumento da competitividade da Empresa, visando responder de forma din\u00e2mica \u00e0s exig\u00eancias do mercado, atrav\u00e9s da introdu\u00e7\u00e3o de novas compet\u00eancias, associadas a tecnologias de ponta para o setor, bem como aos princ\u00edpios da Ind\u00fastria 4.0, que permitir\u00e3o a amplia\u00e7\u00e3o da sua unidade produtiva, de forma moderna, automatizada, energeticamente sustent\u00e1vel e eficiente. Principais objetivos do projeto: (i) Aumento de capacidade produtiva com 1.000m2 de nova \u00e1rea fabril; (ii) Por via da capacidade tecnol\u00f3gica a instalar, garantir sinergias por ganhos de produtividade; (iii) Produzir uma nova gama de produtos para o tratamento qu\u00edmico de \u00e1gua, inovadores e diferenciados, e de elevado valor acrescentado; (iv) Promover a oferta de produtos environmentally friendly. Investimento Total | 1.031.006,67 EUR Apoio financeiro da uni\u00e3o europeia | 229.015,38 EUR[\/vc_column_text][\/vc_column][\/vc_row][vc_row][vc_column width=&#8221;1\/1&#8243;][\/vc_column][\/vc_row]<\/p>\n","protected":false},"author":1,"featured_media":0,"parent":0,"menu_order":0,"comment_status":"closed","ping_status":"closed","template":"","meta":{"footnotes":""},"class_list":["post-83259","page","type-page","status-publish","hentry"],"_links":{"self":[{"href":"https:\/\/www.cellwater.pt\/cellwater\/pt\/wp-json\/wp\/v2\/pages\/83259","targetHints":{"allow":["GET"]}}],"collection":[{"href":"https:\/\/www.cellwater.pt\/cellwater\/pt\/wp-json\/wp\/v2\/pages"}],"about":[{"href":"https:\/\/www.cellwater.pt\/cellwater\/pt\/wp-json\/wp\/v2\/types\/page"}],"author":[{"embeddable":true,"href":"https:\/\/www.cellwater.pt\/cellwater\/pt\/wp-json\/wp\/v2\/users\/1"}],"replies":[{"embeddable":true,"href":"https:\/\/www.cellwater.pt\/cellwater\/pt\/wp-json\/wp\/v2\/comments?post=83259"}],"version-history":[{"count":13,"href":"https:\/\/www.cellwater.pt\/cellwater\/pt\/wp-json\/wp\/v2\/pages\/83259\/revisions"}],"predecessor-version":[{"id":83274,"href":"https:\/\/www.cellwater.pt\/cellwater\/pt\/wp-json\/wp\/v2\/pages\/83259\/revisions\/83274"}],"wp:attachment":[{"href":"https:\/\/www.cellwater.pt\/cellwater\/pt\/wp-json\/wp\/v2\/media?parent=83259"}],"curies":[{"name":"wp","href":"https:\/\/api.w.org\/{rel}","templated":true}]}}