{"id":2224,"date":"2018-05-23T08:42:34","date_gmt":"2018-05-23T08:42:34","guid":{"rendered":"http:\/\/cellwaterv2.cellwater.pt\/?page_id=2224"},"modified":"2019-12-18T14:42:58","modified_gmt":"2019-12-18T14:42:58","slug":"politica-de-privacidade","status":"publish","type":"page","link":"https:\/\/www.cellwater.pt\/cellwater\/pt\/politica-de-privacidade\/","title":{"rendered":"Pol\u00edtica de privacidade"},"content":{"rendered":"<p><strong> 1. \u00c2mbito da nossa Pol\u00edtica de Privacidade<\/strong><\/p>\n<p>A presente pol\u00edtica de privacidade abrange este website, assim como outros sites que mencionem a mesma pol\u00edtica. A Cellwater respeita a privacidade do Utilizador e processa os seus dados pessoais de acordo com as leis em vigor. Os dados n\u00e3o ser\u00e3o processados para quaisquer outros fins que n\u00e3o os aqui especificados. A Cellwater reserva-se no direito de atualizar ou modificar a sua Pol\u00edtica de Privacidade a qualquer momento, nomeadamente, de forma a adapt\u00e1-la a altera\u00e7\u00f5es legislativas.<\/p>\n<p><strong> 2. Para que fins s\u00e3o recolhidos dados pessoais do Utilizador?<\/strong><\/p>\n<p>Os dados recolhidos nos formul\u00e1rios do website destinam-se exclusivamente ao processamento dos pedidos dos utilizadores, e n\u00e3o ser\u00e3o usados para qualquer outro processamento.<\/p>\n<p><strong> 3. A Cellwater utiliza os dados pessoais recolhidos para Marketing Direto?<\/strong><\/p>\n<p>A Cellwater n\u00e3o recolhe os seus dados pessoais neste site, a menos que voluntariamente os forne\u00e7a (por exemplo, quando utiliza o nosso formul\u00e1rio online para nos dirigir um pedido de informa\u00e7\u00e3o).<\/p>\n<p>Qualquer informa\u00e7\u00e3o que nos forne\u00e7a por esta via ser\u00e1 apenas utilizada pela Cellwater para a finalidade descrita.<\/p>\n<p>A Cellwater n\u00e3o utilizar\u00e1 os seus dados pessoais para lhe enviar qualquer correio n\u00e3o solicitado cujo conte\u00fado n\u00e3o tenha recebido o seu consentimento expl\u00edcito. A Cellwater n\u00e3o vende nem negoceia os seus dados com terceiros.<\/p>\n<p><strong> 4. Quem tem acesso aos dados pessoais do Utilizador?<\/strong><\/p>\n<p>A Cellwater n\u00e3o divulga a terceiros quaisquer dados pessoais dos seus Clientes e Utilizadores, sem o seu consentimento, exceto quando tal for exigido por lei.<\/p>\n<p><strong> 5. Onde s\u00e3o guardados os dados do Utilizador?<\/strong><\/p>\n<p>A Cellwater guarda os dados dos seus clientes e Utilizadores nos seus servidores localizados em Portugal. Estes servidores s\u00e3o protegidos e mantidos de acordo com os mais elevados standards de seguran\u00e7a e por forma a respeitar as leis de privacidade aplic\u00e1veis. Caso deseje ser removido da nossa base de dados, poder\u00e1 exercer esse direito, contactando-nos atrav\u00e9s dos diversos meios dispon\u00edveis no site.<\/p>\n<p><strong> 6. A Cellwater utiliza cookies no seu Website?<\/strong><\/p>\n<p>O website da Cellwater utiliza cookies em determinadas \u00e1reas. Os cookies s\u00e3o ficheiros que armazenam informa\u00e7\u00f5es no disco r\u00edgido ou browser do Utilizador, permitindo que os websites o reconhe\u00e7am e saibam que j\u00e1 os visitou anteriormente. O Utilizador pode configurar o seu browser para recusar os cookies, por\u00e9m nesse caso, o website ou partes do mesmo podem n\u00e3o funcionar corretamente. Os cookies s\u00e3o utilizados para monitorizar e analisar a utiliza\u00e7\u00e3o do website, permitindo \u00e0 Cellwater proporcionar a melhor experi\u00eancia de utiliza\u00e7\u00e3o.<\/p>","protected":false},"excerpt":{"rendered":"<p>1. \u00c2mbito da nossa Pol\u00edtica de Privacidade A presente pol\u00edtica de privacidade abrange este website, assim como outros sites que mencionem a mesma pol\u00edtica. A Cellwater respeita a privacidade do Utilizador e processa os seus dados pessoais de acordo com as leis em vigor. Os dados n\u00e3o ser\u00e3o processados para quaisquer outros fins que n\u00e3o os aqui especificados. A Cellwater reserva-se no direito de atualizar ou modificar a sua Pol\u00edtica de Privacidade a qualquer momento, nomeadamente, de forma a adapt\u00e1-la a altera\u00e7\u00f5es legislativas. 2. Para que fins s\u00e3o recolhidos dados pessoais do Utilizador? Os dados recolhidos nos formul\u00e1rios do website destinam-se exclusivamente ao processamento dos pedidos dos utilizadores, e n\u00e3o ser\u00e3o usados para qualquer outro processamento. 3. A Cellwater utiliza os dados pessoais recolhidos para Marketing Direto? A Cellwater n\u00e3o recolhe os seus dados pessoais neste site, a menos que voluntariamente os forne\u00e7a (por exemplo, quando utiliza o nosso formul\u00e1rio online para nos dirigir um pedido de informa\u00e7\u00e3o). Qualquer informa\u00e7\u00e3o que nos forne\u00e7a por esta via ser\u00e1 apenas utilizada pela Cellwater para a finalidade descrita. A Cellwater n\u00e3o utilizar\u00e1 os seus dados pessoais para lhe enviar qualquer correio n\u00e3o solicitado cujo conte\u00fado n\u00e3o tenha recebido o seu consentimento expl\u00edcito. A [&hellip;]<\/p>\n","protected":false},"author":1,"featured_media":0,"parent":0,"menu_order":0,"comment_status":"closed","ping_status":"closed","template":"","meta":{"footnotes":""},"class_list":["post-2224","page","type-page","status-publish","hentry"],"_links":{"self":[{"href":"https:\/\/www.cellwater.pt\/cellwater\/pt\/wp-json\/wp\/v2\/pages\/2224","targetHints":{"allow":["GET"]}}],"collection":[{"href":"https:\/\/www.cellwater.pt\/cellwater\/pt\/wp-json\/wp\/v2\/pages"}],"about":[{"href":"https:\/\/www.cellwater.pt\/cellwater\/pt\/wp-json\/wp\/v2\/types\/page"}],"author":[{"embeddable":true,"href":"https:\/\/www.cellwater.pt\/cellwater\/pt\/wp-json\/wp\/v2\/users\/1"}],"replies":[{"embeddable":true,"href":"https:\/\/www.cellwater.pt\/cellwater\/pt\/wp-json\/wp\/v2\/comments?post=2224"}],"version-history":[{"count":5,"href":"https:\/\/www.cellwater.pt\/cellwater\/pt\/wp-json\/wp\/v2\/pages\/2224\/revisions"}],"predecessor-version":[{"id":10031,"href":"https:\/\/www.cellwater.pt\/cellwater\/pt\/wp-json\/wp\/v2\/pages\/2224\/revisions\/10031"}],"wp:attachment":[{"href":"https:\/\/www.cellwater.pt\/cellwater\/pt\/wp-json\/wp\/v2\/media?parent=2224"}],"curies":[{"name":"wp","href":"https:\/\/api.w.org\/{rel}","templated":true}]}}