{"id":2123,"date":"2017-11-29T11:24:04","date_gmt":"2017-11-29T11:24:04","guid":{"rendered":"http:\/\/cellwaterv2.cellwater.pt\/?page_id=2123"},"modified":"2022-07-26T09:59:15","modified_gmt":"2022-07-26T09:59:15","slug":"cellwater-internacionalizacao","status":"publish","type":"page","link":"https:\/\/www.cellwater.pt\/cellwater\/pt\/cellwater-internacionalizacao\/","title":{"rendered":"Cellwater &#8211; Internacionaliza\u00e7\u00e3o"},"content":{"rendered":"<section class=\"wpb-content-wrapper\"><p>[vc_row][vc_column width=&#8221;1\/1&#8243;]<div class=\"single_image wpb_content_element align-left    \" data-animation=\"none\" data-delay=\"0\"><img loading=\"lazy\" decoding=\"async\" width=\"2356\" height=\"190\" src=\"https:\/\/www.cellwater.pt\/cellwater\/wp-content\/uploads\/2017\/11\/Lisboa2020_RGB_1.png\" class=\"attachment-full\" alt=\"\" title=\"Lisboa2020_RGB_1\" srcset=\"https:\/\/www.cellwater.pt\/cellwater\/wp-content\/uploads\/2017\/11\/Lisboa2020_RGB_1.png 2356w, https:\/\/www.cellwater.pt\/cellwater\/wp-content\/uploads\/2017\/11\/Lisboa2020_RGB_1-300x24.png 300w, https:\/\/www.cellwater.pt\/cellwater\/wp-content\/uploads\/2017\/11\/Lisboa2020_RGB_1-150x12.png 150w, https:\/\/www.cellwater.pt\/cellwater\/wp-content\/uploads\/2017\/11\/Lisboa2020_RGB_1-1024x83.png 1024w\" sizes=\"auto, (max-width: 2356px) 100vw, 2356px\" \/><\/div>[vc_column_text]<strong>Sistema de Incentivos \u00e0 Qualifica\u00e7\u00e3o e Internacionaliza\u00e7\u00e3o de PME \u2013 Projetos Individuais<\/strong><\/p>\n<p>Designa\u00e7\u00e3o do projeto | CELLWATER 2017-2019: Plano Estrat\u00e9gico de Qualifica\u00e7\u00e3o, Capacita\u00e7\u00e3o e Internacionaliza\u00e7\u00e3o<\/p>\n<p>C\u00f3digo do projeto | LISBOA-02-0752-FEDER-027746<\/p>\n<p>Objetivo principal |Refor\u00e7ar a competitividade das PME<\/p>\n<p>Tipologia de Interven\u00e7\u00e3o | Internacionaliza\u00e7\u00e3o das PME<\/p>\n<p>Regi\u00e3o de interven\u00e7\u00e3o | Lisboa<\/p>\n<p>Entidade benefici\u00e1ria | CELLWATER \u2013 Produtos Qu\u00edmicos para a Ind\u00fastria, Unipessoal Lda.<\/p>\n<p>Data de aprova\u00e7\u00e3o | 13-11-2017<\/p>\n<p>Data de in\u00edcio | 01-07-2017<\/p>\n<p>Data de conclus\u00e3o | 30-06-2020<\/p>\n<p>Custo total eleg\u00edvel | 158.603,80 EUR<\/p>\n<p>Apoio financeiro da Uni\u00e3o Europeia | FEDER \u2013 63.441,52 EUR<\/p>\n<p>Objetivos, atividades e resultados |<\/p>\n<p>O projeto decorre de uma aposta em dom\u00ednios imateriais de competitividade, dando corpo \u00e0 sustentabilidade de uma estrat\u00e9gia de desenvolvimento competitivo e de crescimento no mercado global, apoiada na qualifica\u00e7\u00e3o, na capacita\u00e7\u00e3o comercial e no conhecimento e internacionaliza\u00e7\u00e3o da CELLWATER.<\/p>\n<p>A implementa\u00e7\u00e3o da candidatura ao SI Internacionaliza\u00e7\u00e3o tem como des\u00edgnio a concretiza\u00e7\u00e3o de alguns objetivos estrat\u00e9gicos, nomeadamente:<\/p>\n<ul>\n<li>Afinar processos e efici\u00eancias no consumo de mat\u00e9ria-prima, de energia e de recursos, demonstrando a qualidade e efic\u00e1cia dos seus produtos, observando e cumprindo os prazos de entrega, especifica\u00e7\u00f5es e exig\u00eancias dos clientes;<\/li>\n<li>Construir reputa\u00e7\u00e3o internacional no fornecimento de solu\u00e7\u00f5es adaptadas de forma inovadora, \u00e0s necessidades dos clientes, nas vertentes qu\u00edmica, ambiental e de servi\u00e7os;<\/li>\n<li>Garantir um aumento gradual da qualidade dos produtos e a sua inova\u00e7\u00e3o cont\u00ednua, pela integra\u00e7\u00e3o das capacidades de conce\u00e7\u00e3o engenharia e know-how;<\/li>\n<li>Empreender a\u00e7\u00f5es de qualifica\u00e7\u00e3o das capacidades de organiza\u00e7\u00e3o e gest\u00e3o em dom\u00ednios imateriais de competitividade que permitam tornar a CELLWATER competitiva e dispor de capacidade de resposta no mercado global;<\/li>\n<li>Desenvolver um modelo empresarial e processos de qualifica\u00e7\u00e3o em diferentes dom\u00ednios de competitividade que permitam criar uma forte base e capacidade exportadora que d\u00ea corpo \u00e0 estrat\u00e9gia de direcionamento da atividade para o mercado externo.<\/li>\n<\/ul>\n<p>Neste sentido ser\u00e1 adotada uma estrat\u00e9gia de diversifica\u00e7\u00e3o, isto \u00e9, penetrar novos mercados com uma larga gama de produtos dispon\u00edveis.<\/p>\n<p>A estrat\u00e9gia de internacionaliza\u00e7\u00e3o delineada pela CELLWATER passa, assim, pela aposta em meios eficazes de promo\u00e7\u00e3o e marketing internacional, prospe\u00e7\u00e3o e presen\u00e7a em mercados internacionais com novas e inovadoras abordagens promocionais de comunica\u00e7\u00e3o da marca para uma maior performance competitiva, com instrumentos de direcionamento e expans\u00e3o da atua\u00e7\u00e3o comercial nos mercados internacionais.<\/p>\n<p>As inten\u00e7\u00f5es de investimento definidas ir\u00e3o permitir a internacionaliza\u00e7\u00e3o da CELLWATER para assegurar ganhos mais r\u00e1pidos em termos de uma maior orienta\u00e7\u00e3o para o mercado global, mais especificamente para os novos segmentos e mercados externos alvo, tal como definido na sua estrat\u00e9gia de dire\u00e7\u00e3o de crescimento no mercado, atrav\u00e9s da aposta em importantes inova\u00e7\u00f5es de produto e processo, estas enquadradas em oportunidades identificadas com elevado potencial no mercado global, e que sustentam a presente estrat\u00e9gia de internacionaliza\u00e7\u00e3o.<\/p>\n<p>As tipologias de a\u00e7\u00f5es previstas no projeto s\u00e3o as seguintes:<\/p>\n<ul>\n<li>Conhecimento de mercados externos (Feiras\/ Exposi\u00e7\u00f5es), por via da participa\u00e7\u00e3o da CELLWATER em certames internacionais de refer\u00eancia para o setor-alvo com stand pr\u00f3prio, permitindo aumentar a sua visibilidade e criar oportunidades de contacto com os principais interlocutores, como potenciais clientes, fornecedores e restantes players do mercado, possibilitando ainda a participa\u00e7\u00e3o em importantes eventos paralelos que permitir\u00e3o avaliar o mercado e criar redes de distribui\u00e7\u00e3o a n\u00edvel internacional. Neste sentido, encontram-se previstas as participa\u00e7\u00f5es nos seguintes certames internacionais: EXPOQUIMIA 2017 (Espanha; Barcelona), FIC Feira Internacional de Cabo Verde (Cabo Verde; Mindelo), Pollutec Maroc (Marrocos; Casablanca), SMAgua (Espanha; Zaragoza) entre outras;<\/li>\n<li>Presen\u00e7a na web, atrav\u00e9s da economia digital, por via da promo\u00e7\u00e3o da oferta da CELLWATER num website pr\u00f3prio, com o qual divulgar\u00e1 a sua oferta de marca pr\u00f3pria;<\/li>\n<li>Prospe\u00e7\u00e3o e presen\u00e7a em mercados internacionais (Prospe\u00e7\u00e3o e capta\u00e7\u00e3o de novos clientes), por via das viagens e miss\u00f5es de prospe\u00e7\u00e3o e capta\u00e7\u00e3o de novos clientes, que privilegiam o contacto direto com a procura internacional, visando a apresenta\u00e7\u00e3o e divulga\u00e7\u00e3o da CELLWATER e dos seus produtos aos potenciais clientes, permitindo angariar encomendas e concretizar vendas para os mercados alvo selecionados, nomeadamente Espanha, Marrocos, Angola, Cabo Verde, Gana e Mo\u00e7ambique;<\/li>\n<li>Marketing internacional, por via de a\u00e7\u00f5es direcionadas para o mercado externo, tais como a conce\u00e7\u00e3o e desenvolvimento de cat\u00e1logos\/flyers f\u00edsicos para feiras internacionais e digitais\/virtuais, que ir\u00e3o atuar em estreito alinhamento com as a\u00e7\u00f5es de conhecimento de mercados externos, de desenvolvimento e promo\u00e7\u00e3o internacional da CELLWATER e da prospe\u00e7\u00e3o e presen\u00e7a nos mercados-alvo selecionados, bem como a conce\u00e7\u00e3o e desenvolvimento de conte\u00fados audiovisuais para promo\u00e7\u00e3o internacional.<\/li>\n<li>Introdu\u00e7\u00e3o de novo m\u00e9todo de organiza\u00e7\u00e3o nas pr\u00e1ticas comerciais, por via da realiza\u00e7\u00e3o do Estudo de Viabilidade Econ\u00f3mica e Financeira e An\u00e1lise Estrat\u00e9gica do Projeto de investimento, bem como a contrata\u00e7\u00e3o de um t\u00e9cnico altamente qualificado para desempenhar fun\u00e7\u00f5es na \u00e1rea Comercial\/Marketing. Adicionalmente, a Empresa pretende adquirir equipamento inform\u00e1tico e software de suporte \u00e0 atividade comercial\/marketing em apre\u00e7o.<\/li>\n<\/ul>\n<p>Com o projeto de Internacionaliza\u00e7\u00e3o, a CELLWATER pretende atingir um Volume de Neg\u00f3cios Internacional com um peso de 21,23% do Volume de Neg\u00f3cios total.[\/vc_column_text][\/vc_column][\/vc_row]<\/p>\n<\/section>","protected":false},"excerpt":{"rendered":"<p>[vc_row][vc_column width=&#8221;1\/1&#8243;][vc_column_text]Sistema de Incentivos \u00e0 Qualifica\u00e7\u00e3o e Internacionaliza\u00e7\u00e3o de PME \u2013 Projetos Individuais Designa\u00e7\u00e3o do projeto | CELLWATER 2017-2019: Plano Estrat\u00e9gico de Qualifica\u00e7\u00e3o, Capacita\u00e7\u00e3o e Internacionaliza\u00e7\u00e3o C\u00f3digo do projeto | LISBOA-02-0752-FEDER-027746 Objetivo principal |Refor\u00e7ar a competitividade das PME Tipologia de Interven\u00e7\u00e3o | Internacionaliza\u00e7\u00e3o das PME Regi\u00e3o de interven\u00e7\u00e3o | Lisboa Entidade benefici\u00e1ria | CELLWATER \u2013 Produtos Qu\u00edmicos para a Ind\u00fastria, Unipessoal Lda. Data de aprova\u00e7\u00e3o | 13-11-2017 Data de in\u00edcio | 01-07-2017 Data de conclus\u00e3o | 30-06-2020 Custo total eleg\u00edvel | 158.603,80 EUR Apoio financeiro da Uni\u00e3o Europeia | FEDER \u2013 63.441,52 EUR Objetivos, atividades e resultados | O projeto decorre de uma aposta em dom\u00ednios imateriais de competitividade, dando corpo \u00e0 sustentabilidade de uma estrat\u00e9gia de desenvolvimento competitivo e de crescimento no mercado global, apoiada na qualifica\u00e7\u00e3o, na capacita\u00e7\u00e3o comercial e no conhecimento e internacionaliza\u00e7\u00e3o da CELLWATER. A implementa\u00e7\u00e3o da candidatura ao SI Internacionaliza\u00e7\u00e3o tem como des\u00edgnio a concretiza\u00e7\u00e3o de alguns objetivos estrat\u00e9gicos, nomeadamente: Afinar processos e efici\u00eancias no consumo de mat\u00e9ria-prima, de energia e de recursos, demonstrando a qualidade e efic\u00e1cia dos seus produtos, observando e cumprindo os prazos de entrega, especifica\u00e7\u00f5es e exig\u00eancias dos clientes; Construir reputa\u00e7\u00e3o internacional no fornecimento de solu\u00e7\u00f5es adaptadas de forma inovadora, \u00e0s [&hellip;]<\/p>\n","protected":false},"author":1,"featured_media":0,"parent":0,"menu_order":0,"comment_status":"closed","ping_status":"closed","template":"","meta":{"footnotes":""},"class_list":["post-2123","page","type-page","status-publish","hentry"],"_links":{"self":[{"href":"https:\/\/www.cellwater.pt\/cellwater\/pt\/wp-json\/wp\/v2\/pages\/2123","targetHints":{"allow":["GET"]}}],"collection":[{"href":"https:\/\/www.cellwater.pt\/cellwater\/pt\/wp-json\/wp\/v2\/pages"}],"about":[{"href":"https:\/\/www.cellwater.pt\/cellwater\/pt\/wp-json\/wp\/v2\/types\/page"}],"author":[{"embeddable":true,"href":"https:\/\/www.cellwater.pt\/cellwater\/pt\/wp-json\/wp\/v2\/users\/1"}],"replies":[{"embeddable":true,"href":"https:\/\/www.cellwater.pt\/cellwater\/pt\/wp-json\/wp\/v2\/comments?post=2123"}],"version-history":[{"count":18,"href":"https:\/\/www.cellwater.pt\/cellwater\/pt\/wp-json\/wp\/v2\/pages\/2123\/revisions"}],"predecessor-version":[{"id":82832,"href":"https:\/\/www.cellwater.pt\/cellwater\/pt\/wp-json\/wp\/v2\/pages\/2123\/revisions\/82832"}],"wp:attachment":[{"href":"https:\/\/www.cellwater.pt\/cellwater\/pt\/wp-json\/wp\/v2\/media?parent=2123"}],"curies":[{"name":"wp","href":"https:\/\/api.w.org\/{rel}","templated":true}]}}