{"id":1807,"date":"2017-02-06T11:58:31","date_gmt":"2017-02-06T11:58:31","guid":{"rendered":"http:\/\/cellwaterv2.cellwater.pt\/?page_id=1807"},"modified":"2024-02-28T11:23:33","modified_gmt":"2024-02-28T11:23:33","slug":"politica-da-qualidade","status":"publish","type":"page","link":"https:\/\/www.cellwater.pt\/cellwater\/pt\/politica-da-qualidade\/","title":{"rendered":"Pol\u00edtica da Qualidade"},"content":{"rendered":"<section class=\"wpb-content-wrapper\"><p>[vc_row][vc_column width=&#8221;1\/1&#8243;]<div class=\"spacer\" style=\"height: 10px;\"><\/div>\n\t\t\t<!-- START Quem Somos REVOLUTION SLIDER 6.6.13 --><p class=\"rs-p-wp-fix\"><\/p>\n\t\t\t<rs-module-wrap id=\"rev_slider_2_1_wrapper\" data-source=\"gallery\" data-aimg=\"\"  style=\"visibility:hidden;background:#E9E9E9;padding:0;margin:0px auto;margin-top:0;margin-bottom:0;\">\n\t\t\t\t<rs-module id=\"rev_slider_2_1\" style=\"\" data-version=\"6.6.13\">\n\t\t\t\t\t<rs-slides style=\"overflow: hidden; position: absolute;\">\n\t\t\t\t\t\t<rs-slide style=\"position: absolute;\" data-key=\"rs-4\" data-title=\"Slide\" data-anim=\"adpr:false;\" data-in=\"o:0;\" data-out=\"a:false;\">\n\t\t\t\t\t\t\t<img decoding=\"async\" src=\"\/\/www.cellwater.pt\/cellwater\/wp-content\/plugins\/revslider\/public\/assets\/assets\/dummy.png\" alt=\"\" title=\"escritorio_cellwater_slide\" width=\"940\" height=\"200\" class=\"rev-slidebg tp-rs-img rs-lazyload\" data-lazyload=\"\/\/www.cellwater.pt\/cellwater\/wp-content\/uploads\/2016\/03\/escritorio_cellwater_slide.jpg\" data-no-retina>\n<!---->\t\t\t\t\t\t<\/rs-slide>\n\t\t\t\t\t\t<rs-slide style=\"position: absolute;\" data-key=\"rs-5\" data-title=\"Slide\" data-anim=\"adpr:false;\" data-in=\"o:0;\" data-out=\"a:false;\">\n\t\t\t\t\t\t\t<img decoding=\"async\" src=\"\/\/www.cellwater.pt\/cellwater\/wp-content\/plugins\/revslider\/public\/assets\/assets\/dummy.png\" alt=\"\" title=\"armazenagem_cellwater_slide\" width=\"940\" height=\"200\" class=\"rev-slidebg tp-rs-img rs-lazyload\" data-lazyload=\"\/\/www.cellwater.pt\/cellwater\/wp-content\/uploads\/2016\/03\/armazenagem_cellwater_slide.jpg\" data-no-retina>\n<!---->\t\t\t\t\t\t<\/rs-slide>\n\t\t\t\t\t\t<rs-slide style=\"position: absolute;\" data-key=\"rs-6\" data-title=\"Slide\" data-filter=\"e:late2;b:4;\" data-in=\"prst:rndany;o:0;sx:1.02;sy:1.02;e:power1.in;\">\n\t\t\t\t\t\t\t<img decoding=\"async\" src=\"\/\/www.cellwater.pt\/cellwater\/wp-content\/plugins\/revslider\/public\/assets\/assets\/dummy.png\" alt=\"\" title=\"laboratorio_cellwater_actual_slide\" width=\"940\" height=\"200\" class=\"rev-slidebg tp-rs-img rs-lazyload\" data-lazyload=\"\/\/www.cellwater.pt\/cellwater\/wp-content\/uploads\/2016\/07\/laboratorio_cellwater_actual_slide.jpg\" data-no-retina>\n<!---->\t\t\t\t\t\t<\/rs-slide>\n\t\t\t\t\t\t<rs-slide style=\"position: absolute;\" data-key=\"rs-8\" data-title=\"Slide\" data-anim=\"adpr:false;\" data-in=\"o:0;\" data-out=\"a:false;\">\n\t\t\t\t\t\t\t<img decoding=\"async\" src=\"\/\/www.cellwater.pt\/cellwater\/wp-content\/plugins\/revslider\/public\/assets\/assets\/dummy.png\" alt=\"\" title=\"lema_cellwater_slide\" width=\"940\" height=\"200\" class=\"rev-slidebg tp-rs-img rs-lazyload\" data-lazyload=\"\/\/www.cellwater.pt\/cellwater\/wp-content\/uploads\/2016\/07\/lema_cellwater_slide.jpg\" data-no-retina>\n<!---->\t\t\t\t\t\t<\/rs-slide>\n\t\t\t\t\t<\/rs-slides>\n\t\t\t\t<\/rs-module>\n\t\t\t\t<script>\n\t\t\t\t\tsetREVStartSize({c: 'rev_slider_2_1',rl:[1240,1024,778,480],el:[200],gw:[940],gh:[200],type:'standard',justify:'',layout:'fullwidth',mh:\"0\"});if (window.RS_MODULES!==undefined && window.RS_MODULES.modules!==undefined && window.RS_MODULES.modules[\"revslider21\"]!==undefined) {window.RS_MODULES.modules[\"revslider21\"].once = false;window.revapi2 = undefined;if (window.RS_MODULES.checkMinimal!==undefined) window.RS_MODULES.checkMinimal()}\n\t\t\t\t<\/script>\n\t\t\t<\/rs-module-wrap>\n\t\t\t<!-- END REVOLUTION SLIDER -->\n[\/vc_column][\/vc_row][vc_row][vc_column width=&#8221;2\/3&#8243;]<div class=\"spacer\" style=\"height: 40px;\"><\/div><div class=\"divider-title align-left\" >Pol\u00edtica da Qualidade<\/div>[vc_column_text css_animation=&#8221;bounceInDown&#8221;]A CELLWATER tem como objetivo superar a Satisfa\u00e7\u00e3o e Expetativas de Clientes e Partes Interessadas atrav\u00e9s da promo\u00e7\u00e3o de solu\u00e7\u00f5es de excel\u00eancia, inova\u00e7\u00e3o sustent\u00e1vel e cria\u00e7\u00e3o de valor.<\/p>\n<p>Para isso, assume o compromisso de:<\/p>\n<ul>\n<li>Demonstrar a qualidade e efic\u00e1cia dos seus produtos e servi\u00e7os, cumprindo os prazos de entrega, especifica\u00e7\u00f5es e exig\u00eancias dos clientes e partes interessadas;<\/li>\n<li>Trabalhar com uma equipa de profissionais dedicados, nas diversas \u00e1reas do neg\u00f3cio, sempre de forma coesa e transparente;<\/li>\n<li>Envolver e qualificar todos os colaboradores para a melhoria dos procedimentos internos, bem como dos servi\u00e7os prestados aos clientes;<\/li>\n<li>Otimizar continuamente todos os processos, numa base de melhoria cont\u00ednua, disponibilizando os recursos necess\u00e1rios;<\/li>\n<li>Investiga\u00e7\u00e3o e desenvolvimento sustentada nos princ\u00edpios da Eco-Inova\u00e7\u00e3o e isentas de subst\u00e2ncias T\u00f3xicas;<\/li>\n<li>Cumprir todos os requisitos, tanto regulamentares como legais, assim como outros requisitos assumidos com os clientes e demais partes interessadas.<\/li>\n<\/ul>\n<p>Defesa e promo\u00e7\u00e3o dos princ\u00edpios do desenvolvimento sustent\u00e1vel, atrav\u00e9s de uma atitude proativa, com especial enfoque nos seguintes objetivos:[\/vc_column_text][vc_row_inner][vc_column_inner width=&#8221;1\/6&#8243;][\/vc_column_inner][vc_column_inner width=&#8221;1\/6&#8243;]<div class=\"single_image wpb_content_element align-left    \" data-animation=\"none\" data-delay=\"0\"><img loading=\"lazy\" decoding=\"async\" width=\"103\" height=\"102\" src=\"https:\/\/www.cellwater.pt\/cellwater\/wp-content\/uploads\/2024\/02\/clean_water.png\" class=\"attachment-full\" alt=\"\" title=\"clean_water\" srcset=\"https:\/\/www.cellwater.pt\/cellwater\/wp-content\/uploads\/2024\/02\/clean_water.png 103w, https:\/\/www.cellwater.pt\/cellwater\/wp-content\/uploads\/2024\/02\/clean_water-80x80.png 80w, https:\/\/www.cellwater.pt\/cellwater\/wp-content\/uploads\/2024\/02\/clean_water-100x100.png 100w\" sizes=\"auto, (max-width: 103px) 100vw, 103px\" \/><\/div>[\/vc_column_inner][vc_column_inner width=&#8221;1\/6&#8243;]<div class=\"single_image wpb_content_element align-left    \" data-animation=\"none\" data-delay=\"0\"><img loading=\"lazy\" decoding=\"async\" width=\"103\" height=\"102\" src=\"https:\/\/www.cellwater.pt\/cellwater\/wp-content\/uploads\/2024\/02\/decent_work.png\" class=\"attachment-full\" alt=\"\" title=\"decent_work\" srcset=\"https:\/\/www.cellwater.pt\/cellwater\/wp-content\/uploads\/2024\/02\/decent_work.png 103w, https:\/\/www.cellwater.pt\/cellwater\/wp-content\/uploads\/2024\/02\/decent_work-80x80.png 80w, https:\/\/www.cellwater.pt\/cellwater\/wp-content\/uploads\/2024\/02\/decent_work-100x100.png 100w\" sizes=\"auto, (max-width: 103px) 100vw, 103px\" \/><\/div>[\/vc_column_inner][vc_column_inner width=&#8221;1\/6&#8243;]<div class=\"single_image wpb_content_element align-left    \" data-animation=\"none\" data-delay=\"0\"><img loading=\"lazy\" decoding=\"async\" width=\"103\" height=\"102\" src=\"https:\/\/www.cellwater.pt\/cellwater\/wp-content\/uploads\/2024\/02\/industry_inovation.png\" class=\"attachment-full\" alt=\"\" title=\"industry_inovation\" srcset=\"https:\/\/www.cellwater.pt\/cellwater\/wp-content\/uploads\/2024\/02\/industry_inovation.png 103w, https:\/\/www.cellwater.pt\/cellwater\/wp-content\/uploads\/2024\/02\/industry_inovation-80x80.png 80w, https:\/\/www.cellwater.pt\/cellwater\/wp-content\/uploads\/2024\/02\/industry_inovation-100x100.png 100w\" sizes=\"auto, (max-width: 103px) 100vw, 103px\" \/><\/div>[\/vc_column_inner][vc_column_inner width=&#8221;1\/6&#8243;]<div class=\"single_image wpb_content_element align-left    \" data-animation=\"none\" data-delay=\"0\"><img loading=\"lazy\" decoding=\"async\" width=\"103\" height=\"102\" src=\"https:\/\/www.cellwater.pt\/cellwater\/wp-content\/uploads\/2024\/02\/responsible.png\" class=\"attachment-full\" alt=\"\" title=\"responsible\" srcset=\"https:\/\/www.cellwater.pt\/cellwater\/wp-content\/uploads\/2024\/02\/responsible.png 103w, https:\/\/www.cellwater.pt\/cellwater\/wp-content\/uploads\/2024\/02\/responsible-80x80.png 80w, https:\/\/www.cellwater.pt\/cellwater\/wp-content\/uploads\/2024\/02\/responsible-100x100.png 100w\" sizes=\"auto, (max-width: 103px) 100vw, 103px\" \/><\/div>[\/vc_column_inner][vc_column_inner width=&#8221;1\/6&#8243;][\/vc_column_inner][\/vc_row_inner]<div class=\"spacer\" style=\"height: 60px;\"><\/div><div class=\"single_image wpb_content_element align-left  animate   \" data-animation=\"fade-in-from-left\" data-delay=\"0\"><img loading=\"lazy\" decoding=\"async\" width=\"1512\" height=\"1008\" src=\"https:\/\/www.cellwater.pt\/cellwater\/wp-content\/uploads\/2016\/07\/lema_cellwater_grande_slide.jpg\" class=\"attachment-full\" alt=\"\" title=\"lema_cellwater_grande_slide\" srcset=\"https:\/\/www.cellwater.pt\/cellwater\/wp-content\/uploads\/2016\/07\/lema_cellwater_grande_slide.jpg 1512w, https:\/\/www.cellwater.pt\/cellwater\/wp-content\/uploads\/2016\/07\/lema_cellwater_grande_slide-300x200.jpg 300w, https:\/\/www.cellwater.pt\/cellwater\/wp-content\/uploads\/2016\/07\/lema_cellwater_grande_slide-150x100.jpg 150w, https:\/\/www.cellwater.pt\/cellwater\/wp-content\/uploads\/2016\/07\/lema_cellwater_grande_slide-1024x683.jpg 1024w\" sizes=\"auto, (max-width: 1512px) 100vw, 1512px\" \/><\/div>[\/vc_column][vc_column width=&#8221;1\/3&#8243;]<div class=\"spacer\" style=\"height: 40px;\"><\/div><div class=\"divider-title align-left\" >Miss\u00e3o, Vis\u00e3o e Valores<\/div>[vc_column_text css_animation=&#8221;bounceInRight&#8221;]<strong><u>Miss\u00e3o<\/u><\/strong><strong>:<\/strong><\/p>\n<ul>\n<li>Criar valor atrav\u00e9s de produtos e solu\u00e7\u00f5es, respeitando o compromisso com o meio ambiente, seguran\u00e7a e desenvolvimento sustent\u00e1vel;<\/li>\n<li>Promover a fideliza\u00e7\u00e3o de clientes, garantindo elevados n\u00edveis de qualidade nos produtos e servi\u00e7os;<\/li>\n<li>Consolidar a sua posi\u00e7\u00e3o no mercado nacional, refor\u00e7ando a competitividade em pre\u00e7o e qualidade;<\/li>\n<li>Desenvolver produtos que correspondam \u00e0s necessidades do mercado atual com enfoque nas expetativas futuras.<\/li>\n<\/ul>\n<p><strong><u>Vis\u00e3o<\/u><\/strong><strong>:<\/strong><\/p>\n<p>No futuro, pretende-se continuar a surpreender positivamente os clientes, e restantes partes interessadas, apostando na inova\u00e7\u00e3o sustent\u00e1vel e na qualidade dos produtos, servi\u00e7os t\u00e9cnicos e privilegiando a proximidade das rela\u00e7\u00f5es comerciais.<\/p>\n<p><strong><u>Valores<\/u><\/strong><strong>:<\/strong><\/p>\n<p>A CELLWATER tem crescido e evolu\u00eddo, desenvolvendo a sua atividade com base nos seguintes valores:<\/p>\n<ul>\n<li>Respeito por todas as partes interessadas, estando atento \u00e0s suas necessidades e expectativas;<\/li>\n<li>Dedica\u00e7\u00e3o na procura das melhores solu\u00e7\u00f5es para cada situa\u00e7\u00e3o;<\/li>\n<li>Fidelidade aos parceiros que partilham os mesmos valores;<\/li>\n<li>Est\u00edmulo de um ambiente de trabalho motivador, saud\u00e1vel, criativo e rigoroso;<\/li>\n<li>Exig\u00eancia, profissionalismo e proatividade;<\/li>\n<li>Aposta na investiga\u00e7\u00e3o e desenvolvimento, com vista \u00e0 inova\u00e7\u00e3o;<\/li>\n<li>Providenciar um servi\u00e7o de excel\u00eancia, cont\u00ednuo e consistente.<\/li>\n<\/ul>\n<p>Mais do que um mero fornecedor, a CELLWATER pretende ser um parceiro, evoluindo conjuntamente com os seus clientes, fornecedores e demais partes interessadas.[\/vc_column_text]<div class=\"spacer\" style=\"height: 10px;\"><\/div>[\/vc_column][\/vc_row][vc_row bg_color=&#8221;#efefef&#8221;][vc_column width=&#8221;1\/1&#8243;]<div class=\"spacer\" style=\"height: 10px;\"><\/div><div class=\"divider-title align-left\" >Pol\u00edtica da Qualidade<\/div>[vc_column_text css_animation=&#8221;fadeIn&#8221;]Descarregue aqui a nossa Pol\u00edtica da Qualidade.[\/vc_column_text]<a href=\"http:\/\/www.cellwater.pt\/cellwater\/wp-content\/uploads\/2024\/02\/Politica-da-Qualidade-R2_Set2023.pdf\" target=\"_blank\" class=\"button blue medium \" style=\"border-radius: 2px;\">DESCARREGAR<\/a><div class=\"spacer\" style=\"height: 2px;\"><\/div>[\/vc_column][\/vc_row][vc_row][vc_column width=&#8221;1\/1&#8243;]<div class=\"spacer\" style=\"height: 40px;\"><\/div><div class=\"divider-title align-left\" >Clientes<\/div>[vc_column_text css_animation=&#8221;bounceInRight&#8221;]A\u00a0<strong class=\"azul_med\">Cellwater<\/strong>\u00a0orgulha-se de ter como seus clientes empresas de renome no mercado nacional, tais como: The Navigator Company, AdP \u2013 \u00c1guas de Portugal, Manvia (Grupo Mota-Engil), Lena Ambiente, Sis\u00e1qua, TecnoSpie, Grupo Investwood (IFM e Valbopan), Europac, F\u00e1brica de Papel e Cart\u00e3o da Zarrinha, Cartonarte, Copidata, Fapricela, Sifucel, Agra\u00e7or, Ambimed, Celtejo\u00a0(Grupo\u00a0Altri), etc\u2026[\/vc_column_text][vc_column_text css_animation=&#8221;bounceInLeft&#8221;]<\/p>\n<p style=\"text-align: center;\"><span class=\"tooltips\"><a href=\"#\" title=\"The Navigator Company\" onclick=\"return false\"><a href=\"https:\/\/www.cellwater.pt\/cellwater\/wp-content\/uploads\/2016\/07\/navigator_logo.png\"><img loading=\"lazy\" decoding=\"async\" class=\"size-full wp-image-1589 aligncenter\" src=\"https:\/\/www.cellwater.pt\/cellwater\/wp-content\/uploads\/2016\/07\/navigator_logo.png\" alt=\"\" width=\"160\" height=\"76\" srcset=\"https:\/\/www.cellwater.pt\/cellwater\/wp-content\/uploads\/2016\/07\/navigator_logo.png 160w, https:\/\/www.cellwater.pt\/cellwater\/wp-content\/uploads\/2016\/07\/navigator_logo-150x71.png 150w\" sizes=\"auto, (max-width: 160px) 100vw, 160px\" \/><\/a><\/a><\/span>\u00a0 \u00a0 \u00a0<span class=\"tooltips\"><a href=\"#\" title=\"\u00c1gua de Portugal\" onclick=\"return false\"><a href=\"https:\/\/www.cellwater.pt\/cellwater\/wp-content\/uploads\/2013\/01\/adp.fw_.png\"><img loading=\"lazy\" decoding=\"async\" class=\"size-full wp-image-946 aligncenter\" src=\"https:\/\/www.cellwater.pt\/cellwater\/wp-content\/uploads\/2013\/01\/adp.fw_.png\" alt=\"\" width=\"160\" height=\"76\" srcset=\"https:\/\/www.cellwater.pt\/cellwater\/wp-content\/uploads\/2013\/01\/adp.fw_.png 160w, https:\/\/www.cellwater.pt\/cellwater\/wp-content\/uploads\/2013\/01\/adp.fw_-150x71.png 150w\" sizes=\"auto, (max-width: 160px) 100vw, 160px\" \/><\/a><\/a><\/span>\u00a0 \u00a0 \u00a0<span class=\"tooltips\"><a href=\"#\" title=\"Manvia\" onclick=\"return false\"><a href=\"https:\/\/www.cellwater.pt\/cellwater\/wp-content\/uploads\/2013\/01\/manvia.fw_.png\"><img loading=\"lazy\" decoding=\"async\" class=\"size-full wp-image-948 aligncenter\" src=\"https:\/\/www.cellwater.pt\/cellwater\/wp-content\/uploads\/2013\/01\/manvia.fw_.png\" alt=\"\" width=\"160\" height=\"76\" srcset=\"https:\/\/www.cellwater.pt\/cellwater\/wp-content\/uploads\/2013\/01\/manvia.fw_.png 160w, https:\/\/www.cellwater.pt\/cellwater\/wp-content\/uploads\/2013\/01\/manvia.fw_-150x71.png 150w\" sizes=\"auto, (max-width: 160px) 100vw, 160px\" \/><\/a><\/a><\/span>\u00a0 \u00a0 \u00a0 \u00a0<span class=\"tooltips\"><a href=\"#\" title=\"Investwood\" onclick=\"return false\"><a href=\"https:\/\/www.cellwater.pt\/cellwater\/wp-content\/uploads\/2013\/01\/investwood.fw_.png\"><img loading=\"lazy\" decoding=\"async\" class=\"size-full wp-image-949 aligncenter\" src=\"https:\/\/www.cellwater.pt\/cellwater\/wp-content\/uploads\/2013\/01\/investwood.fw_.png\" alt=\"\" width=\"160\" height=\"76\" srcset=\"https:\/\/www.cellwater.pt\/cellwater\/wp-content\/uploads\/2013\/01\/investwood.fw_.png 160w, https:\/\/www.cellwater.pt\/cellwater\/wp-content\/uploads\/2013\/01\/investwood.fw_-150x71.png 150w\" sizes=\"auto, (max-width: 160px) 100vw, 160px\" \/><\/a><\/a><\/span>\u00a0 \u00a0 \u00a0 \u00a0<span class=\"tooltips\"><a href=\"#\" title=\"\u00c1gua de Portugal\" onclick=\"return false\"><a href=\"https:\/\/www.cellwater.pt\/cellwater\/wp-content\/uploads\/2013\/01\/europac.fw_.png\"><img loading=\"lazy\" decoding=\"async\" class=\"size-full wp-image-950 aligncenter\" src=\"https:\/\/www.cellwater.pt\/cellwater\/wp-content\/uploads\/2013\/01\/europac.fw_.png\" alt=\"\" width=\"160\" height=\"76\" srcset=\"https:\/\/www.cellwater.pt\/cellwater\/wp-content\/uploads\/2013\/01\/europac.fw_.png 160w, https:\/\/www.cellwater.pt\/cellwater\/wp-content\/uploads\/2013\/01\/europac.fw_-150x71.png 150w\" sizes=\"auto, (max-width: 160px) 100vw, 160px\" \/><\/a><\/a><\/span>\u00a0 \u00a0 \u00a0 <span class=\"tooltips\"><a href=\"#\" title=\"Manvia\" onclick=\"return false\"><a href=\"https:\/\/www.cellwater.pt\/cellwater\/wp-content\/uploads\/2017\/02\/altri.png\"><img loading=\"lazy\" decoding=\"async\" class=\"size-full wp-image-1856 aligncenter\" src=\"https:\/\/www.cellwater.pt\/cellwater\/wp-content\/uploads\/2017\/02\/altri.png\" alt=\"\" width=\"112\" height=\"76\" \/><\/a><\/a><\/span>\n<p>[\/vc_column_text][\/vc_column][\/vc_row][vc_row][vc_column width=&#8221;1\/1&#8243;]<div class=\"spacer\" style=\"height: 40px;\"><\/div>[\/vc_column][\/vc_row]<\/p>\n<\/section>","protected":false},"excerpt":{"rendered":"<p>[vc_row][vc_column width=&#8221;1\/1&#8243;][\/vc_column][\/vc_row][vc_row][vc_column width=&#8221;2\/3&#8243;][vc_column_text css_animation=&#8221;bounceInDown&#8221;]A CELLWATER tem como objetivo superar a Satisfa\u00e7\u00e3o e Expetativas de Clientes e Partes Interessadas atrav\u00e9s da promo\u00e7\u00e3o de solu\u00e7\u00f5es de excel\u00eancia, inova\u00e7\u00e3o sustent\u00e1vel e cria\u00e7\u00e3o de valor. Para isso, assume o compromisso de: Demonstrar a qualidade e efic\u00e1cia dos seus produtos e servi\u00e7os, cumprindo os prazos de entrega, especifica\u00e7\u00f5es e exig\u00eancias dos clientes e partes interessadas; Trabalhar com uma equipa de profissionais dedicados, nas diversas \u00e1reas do neg\u00f3cio, sempre de forma coesa e transparente; Envolver e qualificar todos os colaboradores para a melhoria dos procedimentos internos, bem como dos servi\u00e7os prestados aos clientes; Otimizar continuamente todos os processos, numa base de melhoria cont\u00ednua, disponibilizando os recursos necess\u00e1rios; Investiga\u00e7\u00e3o e desenvolvimento sustentada nos princ\u00edpios da Eco-Inova\u00e7\u00e3o e isentas de subst\u00e2ncias T\u00f3xicas; Cumprir todos os requisitos, tanto regulamentares como legais, assim como outros requisitos assumidos com os clientes e demais partes interessadas. Defesa e promo\u00e7\u00e3o dos princ\u00edpios do desenvolvimento sustent\u00e1vel, atrav\u00e9s de uma atitude proativa, com especial enfoque nos seguintes objetivos:[\/vc_column_text][vc_row_inner][vc_column_inner width=&#8221;1\/6&#8243;][\/vc_column_inner][vc_column_inner width=&#8221;1\/6&#8243;][\/vc_column_inner][vc_column_inner width=&#8221;1\/6&#8243;][\/vc_column_inner][vc_column_inner width=&#8221;1\/6&#8243;][\/vc_column_inner][vc_column_inner width=&#8221;1\/6&#8243;][\/vc_column_inner][vc_column_inner width=&#8221;1\/6&#8243;][\/vc_column_inner][\/vc_row_inner][\/vc_column][vc_column width=&#8221;1\/3&#8243;][vc_column_text css_animation=&#8221;bounceInRight&#8221;]Miss\u00e3o: Criar valor atrav\u00e9s de produtos e solu\u00e7\u00f5es, respeitando o compromisso com o meio ambiente, seguran\u00e7a e desenvolvimento sustent\u00e1vel; Promover a fideliza\u00e7\u00e3o de clientes, garantindo elevados n\u00edveis de qualidade nos [&hellip;]<\/p>\n","protected":false},"author":1,"featured_media":0,"parent":0,"menu_order":0,"comment_status":"closed","ping_status":"closed","template":"","meta":{"footnotes":""},"class_list":["post-1807","page","type-page","status-publish","hentry"],"_links":{"self":[{"href":"https:\/\/www.cellwater.pt\/cellwater\/pt\/wp-json\/wp\/v2\/pages\/1807","targetHints":{"allow":["GET"]}}],"collection":[{"href":"https:\/\/www.cellwater.pt\/cellwater\/pt\/wp-json\/wp\/v2\/pages"}],"about":[{"href":"https:\/\/www.cellwater.pt\/cellwater\/pt\/wp-json\/wp\/v2\/types\/page"}],"author":[{"embeddable":true,"href":"https:\/\/www.cellwater.pt\/cellwater\/pt\/wp-json\/wp\/v2\/users\/1"}],"replies":[{"embeddable":true,"href":"https:\/\/www.cellwater.pt\/cellwater\/pt\/wp-json\/wp\/v2\/comments?post=1807"}],"version-history":[{"count":57,"href":"https:\/\/www.cellwater.pt\/cellwater\/pt\/wp-json\/wp\/v2\/pages\/1807\/revisions"}],"predecessor-version":[{"id":83241,"href":"https:\/\/www.cellwater.pt\/cellwater\/pt\/wp-json\/wp\/v2\/pages\/1807\/revisions\/83241"}],"wp:attachment":[{"href":"https:\/\/www.cellwater.pt\/cellwater\/pt\/wp-json\/wp\/v2\/media?parent=1807"}],"curies":[{"name":"wp","href":"https:\/\/api.w.org\/{rel}","templated":true}]}}