{"id":1546,"date":"2016-04-20T12:00:41","date_gmt":"2016-04-20T12:00:41","guid":{"rendered":"http:\/\/cellwaterv2.cellwater.pt\/?page_id=1546"},"modified":"2022-12-18T23:43:51","modified_gmt":"2022-12-18T23:43:51","slug":"brochuras","status":"publish","type":"page","link":"https:\/\/www.cellwater.pt\/cellwater\/pt\/brochuras\/","title":{"rendered":"Brochuras"},"content":{"rendered":"<section class=\"wpb-content-wrapper\"><p>[vc_row][vc_column][vc_column_text]Consulte as nossas brochuras e fique a conhecer todas as nossas solu\u00e7\u00f5es para cada \u00e1rea de neg\u00f3cio. Sabemos que temos a solu\u00e7\u00e3o certa para si.<\/p>\n<p>Para receber um ou mais cat\u00e1logos em formato de papel solicite-o\u00a0<a href=\"https:\/\/www.cellwater.pt\/cellwater\/pedido-de-catalogos\/\">aqui<\/a>.<\/p>\n<h6>Prima a imagem para aceder ao ficheiro.<\/h6>\n<p>[\/vc_column_text]<div class=\"spacer\" style=\"height: 5px;\"><\/div>[\/vc_column][\/vc_row][vc_row][vc_column width=&#8221;1\/3&#8243;]<div class=\"single_image wpb_content_element align-left    \" data-animation=\"none\" data-delay=\"0\"><a href=\"https:\/\/www.cellwater.pt\/cellwater\/wp-content\/uploads\/2017\/02\/Cellwater_Tratamento_de_Aguas2017.pdf\" target=\"_blank\"><img loading=\"lazy\" decoding=\"async\" width=\"648\" height=\"914\" src=\"https:\/\/www.cellwater.pt\/cellwater\/wp-content\/uploads\/2016\/04\/catalogo-tratamento_aguas.jpg\" class=\"attachment-full\" alt=\"\" title=\"catalogo-tratamento_aguas\" srcset=\"https:\/\/www.cellwater.pt\/cellwater\/wp-content\/uploads\/2016\/04\/catalogo-tratamento_aguas.jpg 648w, https:\/\/www.cellwater.pt\/cellwater\/wp-content\/uploads\/2016\/04\/catalogo-tratamento_aguas-300x423.jpg 300w, https:\/\/www.cellwater.pt\/cellwater\/wp-content\/uploads\/2016\/04\/catalogo-tratamento_aguas-106x150.jpg 106w, https:\/\/www.cellwater.pt\/cellwater\/wp-content\/uploads\/2016\/04\/catalogo-tratamento_aguas-213x300.jpg 213w\" sizes=\"auto, (max-width: 648px) 100vw, 648px\" \/><\/a><\/div><div class=\"single_image wpb_content_element align-left    \" data-animation=\"none\" data-delay=\"0\"><a href=\"https:\/\/www.cellwater.pt\/cellwater\/wp-content\/uploads\/2017\/11\/Catalogo2017_ES.pdf\" target=\"_blank\"><img loading=\"lazy\" decoding=\"async\" width=\"537\" height=\"762\" src=\"https:\/\/www.cellwater.pt\/cellwater\/wp-content\/uploads\/2017\/11\/Catalogo2017_ES.jpg\" class=\"attachment-full\" alt=\"\" title=\"Catalogo2017_ES\" srcset=\"https:\/\/www.cellwater.pt\/cellwater\/wp-content\/uploads\/2017\/11\/Catalogo2017_ES.jpg 537w, https:\/\/www.cellwater.pt\/cellwater\/wp-content\/uploads\/2017\/11\/Catalogo2017_ES-300x426.jpg 300w, https:\/\/www.cellwater.pt\/cellwater\/wp-content\/uploads\/2017\/11\/Catalogo2017_ES-106x150.jpg 106w, https:\/\/www.cellwater.pt\/cellwater\/wp-content\/uploads\/2017\/11\/Catalogo2017_ES-211x300.jpg 211w\" sizes=\"auto, (max-width: 537px) 100vw, 537px\" \/><\/a><\/div>[\/vc_column][vc_column width=&#8221;1\/3&#8243;]<div class=\"single_image wpb_content_element align-center    \" data-animation=\"none\" data-delay=\"0\"><a href=\"https:\/\/www.cellwater.pt\/cellwater\/wp-content\/uploads\/2016\/04\/Lares.pdf\" target=\"_blank\"><img loading=\"lazy\" decoding=\"async\" width=\"724\" height=\"1024\" src=\"https:\/\/www.cellwater.pt\/cellwater\/wp-content\/uploads\/2016\/04\/Lares-pdf.jpg\" class=\"attachment-full\" alt=\"thumbnail of Lares\" title=\"Lares\" srcset=\"https:\/\/www.cellwater.pt\/cellwater\/wp-content\/uploads\/2016\/04\/Lares-pdf.jpg 724w, https:\/\/www.cellwater.pt\/cellwater\/wp-content\/uploads\/2016\/04\/Lares-pdf-300x424.jpg 300w, https:\/\/www.cellwater.pt\/cellwater\/wp-content\/uploads\/2016\/04\/Lares-pdf-212x300.jpg 212w, https:\/\/www.cellwater.pt\/cellwater\/wp-content\/uploads\/2016\/04\/Lares-pdf-106x150.jpg 106w\" sizes=\"auto, (max-width: 724px) 100vw, 724px\" \/><\/a><\/div><div class=\"single_image wpb_content_element align-center    \" data-animation=\"none\" data-delay=\"0\"><a href=\"https:\/\/www.cellwater.pt\/cellwater\/wp-content\/uploads\/2017\/11\/Catalogo2017_FR.pdf\" target=\"_blank\"><img loading=\"lazy\" decoding=\"async\" width=\"542\" height=\"760\" src=\"https:\/\/www.cellwater.pt\/cellwater\/wp-content\/uploads\/2017\/11\/Catalogo2017_FR.jpg\" class=\"attachment-full\" alt=\"\" title=\"Catalogo2017_FR\" srcset=\"https:\/\/www.cellwater.pt\/cellwater\/wp-content\/uploads\/2017\/11\/Catalogo2017_FR.jpg 542w, https:\/\/www.cellwater.pt\/cellwater\/wp-content\/uploads\/2017\/11\/Catalogo2017_FR-300x421.jpg 300w, https:\/\/www.cellwater.pt\/cellwater\/wp-content\/uploads\/2017\/11\/Catalogo2017_FR-107x150.jpg 107w, https:\/\/www.cellwater.pt\/cellwater\/wp-content\/uploads\/2017\/11\/Catalogo2017_FR-214x300.jpg 214w\" sizes=\"auto, (max-width: 542px) 100vw, 542px\" \/><\/a><\/div>[\/vc_column][vc_column width=&#8221;1\/3&#8243;]<div class=\"single_image wpb_content_element align-right    \" data-animation=\"none\" data-delay=\"0\"><a href=\"https:\/\/www.cellwater.pt\/cellwater\/wp-content\/uploads\/2016\/04\/Aterros.pdf\" target=\"_blank\"><img loading=\"lazy\" decoding=\"async\" width=\"724\" height=\"1024\" src=\"https:\/\/www.cellwater.pt\/cellwater\/wp-content\/uploads\/2016\/04\/Aterros-pdf.jpg\" class=\"attachment-full\" alt=\"thumbnail of Aterros\" title=\"Aterros\" srcset=\"https:\/\/www.cellwater.pt\/cellwater\/wp-content\/uploads\/2016\/04\/Aterros-pdf.jpg 724w, https:\/\/www.cellwater.pt\/cellwater\/wp-content\/uploads\/2016\/04\/Aterros-pdf-300x424.jpg 300w, https:\/\/www.cellwater.pt\/cellwater\/wp-content\/uploads\/2016\/04\/Aterros-pdf-212x300.jpg 212w, https:\/\/www.cellwater.pt\/cellwater\/wp-content\/uploads\/2016\/04\/Aterros-pdf-106x150.jpg 106w\" sizes=\"auto, (max-width: 724px) 100vw, 724px\" \/><\/a><\/div><div class=\"single_image wpb_content_element align-right    \" data-animation=\"none\" data-delay=\"0\"><a href=\"https:\/\/www.cellwater.pt\/cellwater\/wp-content\/uploads\/2018\/08\/catalogo_ingles_tratamento_aguas_EN.pdf\" target=\"_blank\"><img loading=\"lazy\" decoding=\"async\" width=\"537\" height=\"762\" src=\"https:\/\/www.cellwater.pt\/cellwater\/wp-content\/uploads\/2018\/08\/Tratamento_aguas_EN.jpg\" class=\"attachment-full\" alt=\"\" title=\"Tratamento_aguas_EN\" srcset=\"https:\/\/www.cellwater.pt\/cellwater\/wp-content\/uploads\/2018\/08\/Tratamento_aguas_EN.jpg 537w, https:\/\/www.cellwater.pt\/cellwater\/wp-content\/uploads\/2018\/08\/Tratamento_aguas_EN-300x426.jpg 300w, https:\/\/www.cellwater.pt\/cellwater\/wp-content\/uploads\/2018\/08\/Tratamento_aguas_EN-106x150.jpg 106w, https:\/\/www.cellwater.pt\/cellwater\/wp-content\/uploads\/2018\/08\/Tratamento_aguas_EN-211x300.jpg 211w\" sizes=\"auto, (max-width: 537px) 100vw, 537px\" \/><\/a><\/div>[\/vc_column][\/vc_row]<\/p>\n<\/section>","protected":false},"excerpt":{"rendered":"<p>[vc_row][vc_column][vc_column_text]Consulte as nossas brochuras e fique a conhecer todas as nossas solu\u00e7\u00f5es para cada \u00e1rea de neg\u00f3cio. Sabemos que temos a solu\u00e7\u00e3o certa para si. Para receber um ou mais cat\u00e1logos em formato de papel solicite-o\u00a0aqui. Prima a imagem para aceder ao ficheiro. [\/vc_column_text][\/vc_column][\/vc_row][vc_row][vc_column width=&#8221;1\/3&#8243;][\/vc_column][vc_column width=&#8221;1\/3&#8243;][\/vc_column][vc_column width=&#8221;1\/3&#8243;][\/vc_column][\/vc_row]<\/p>\n","protected":false},"author":1,"featured_media":0,"parent":0,"menu_order":0,"comment_status":"closed","ping_status":"closed","template":"","meta":{"footnotes":""},"class_list":["post-1546","page","type-page","status-publish","hentry"],"_links":{"self":[{"href":"https:\/\/www.cellwater.pt\/cellwater\/pt\/wp-json\/wp\/v2\/pages\/1546","targetHints":{"allow":["GET"]}}],"collection":[{"href":"https:\/\/www.cellwater.pt\/cellwater\/pt\/wp-json\/wp\/v2\/pages"}],"about":[{"href":"https:\/\/www.cellwater.pt\/cellwater\/pt\/wp-json\/wp\/v2\/types\/page"}],"author":[{"embeddable":true,"href":"https:\/\/www.cellwater.pt\/cellwater\/pt\/wp-json\/wp\/v2\/users\/1"}],"replies":[{"embeddable":true,"href":"https:\/\/www.cellwater.pt\/cellwater\/pt\/wp-json\/wp\/v2\/comments?post=1546"}],"version-history":[{"count":45,"href":"https:\/\/www.cellwater.pt\/cellwater\/pt\/wp-json\/wp\/v2\/pages\/1546\/revisions"}],"predecessor-version":[{"id":83186,"href":"https:\/\/www.cellwater.pt\/cellwater\/pt\/wp-json\/wp\/v2\/pages\/1546\/revisions\/83186"}],"wp:attachment":[{"href":"https:\/\/www.cellwater.pt\/cellwater\/pt\/wp-json\/wp\/v2\/media?parent=1546"}],"curies":[{"name":"wp","href":"https:\/\/api.w.org\/{rel}","templated":true}]}}