{"id":11882,"date":"2020-02-04T17:42:17","date_gmt":"2020-02-04T17:42:17","guid":{"rendered":"http:\/\/cellwaterv2.cellwater.pt\/?page_id=11882"},"modified":"2023-10-25T11:50:40","modified_gmt":"2023-10-25T11:50:40","slug":"cellwater-inovacao","status":"publish","type":"page","link":"https:\/\/www.cellwater.pt\/cellwater\/pt\/cellwater-inovacao\/","title":{"rendered":"Cellwater &#8211; Inova\u00e7\u00e3o"},"content":{"rendered":"<section class=\"wpb-content-wrapper\"><p>[vc_row][vc_column width=&#8221;1\/1&#8243;]<div class=\"single_image wpb_content_element align-left    \" data-animation=\"none\" data-delay=\"0\"><img loading=\"lazy\" decoding=\"async\" width=\"2306\" height=\"203\" src=\"https:\/\/www.cellwater.pt\/cellwater\/wp-content\/uploads\/2023\/01\/nova2.png\" class=\"attachment-full\" alt=\"\" title=\"nova2\" srcset=\"https:\/\/www.cellwater.pt\/cellwater\/wp-content\/uploads\/2023\/01\/nova2.png 2306w, https:\/\/www.cellwater.pt\/cellwater\/wp-content\/uploads\/2023\/01\/nova2-300x26.png 300w, https:\/\/www.cellwater.pt\/cellwater\/wp-content\/uploads\/2023\/01\/nova2-1024x90.png 1024w, https:\/\/www.cellwater.pt\/cellwater\/wp-content\/uploads\/2023\/01\/nova2-150x13.png 150w, https:\/\/www.cellwater.pt\/cellwater\/wp-content\/uploads\/2023\/01\/nova2-1536x135.png 1536w, https:\/\/www.cellwater.pt\/cellwater\/wp-content\/uploads\/2023\/01\/nova2-2048x180.png 2048w\" sizes=\"auto, (max-width: 2306px) 100vw, 2306px\" \/><\/div>[vc_column_text]<strong>Programa Operacional Regional do Centro \u2013 Inova\u00e7\u00e3o Produtiva<\/strong><\/p>\n<p>Designa\u00e7\u00e3o do projeto | NewCELL \u2013 Expans\u00e3o, Crescimento e Inova\u00e7\u00e3o<\/p>\n<p>C\u00f3digo do projeto | CENTRO-02-0853-FEDER-044999<\/p>\n<p>Objetivo principal |Refor\u00e7ar a competitividade das PME<\/p>\n<p>Tipologia de Interven\u00e7\u00e3o | Qualifica\u00e7\u00e3o e inova\u00e7\u00e3o das PME<\/p>\n<p>Regi\u00e3o de interven\u00e7\u00e3o | Centro<\/p>\n<p>Entidade benefici\u00e1ria | CELLWATER \u2013 Produtos Qu\u00edmicos para a Ind\u00fastria, Unipessoal Lda.<\/p>\n<p>Data de aprova\u00e7\u00e3o | 12-08-2019<\/p>\n<p>Data de in\u00edcio | 01-05-2019<\/p>\n<p>Data de conclus\u00e3o | 05-11-2021<\/p>\n<p>Custo total eleg\u00edvel | 1.204.597,12 EUR<\/p>\n<p>Apoio financeiro da Uni\u00e3o Europeia | FEDER \u2013 361.379,14 EUR<\/p>\n<p>Objetivos, atividades e resultados |<\/p>\n<p>O projeto de investimento delineado pela CELLWATER demonstra uma estrat\u00e9gia de refor\u00e7o e diversifica\u00e7\u00e3o da atividade e aumento da competitividade da Empresa, por via da implementa\u00e7\u00e3o de novos processos tecnol\u00f3gicos conducentes \u00e0 obten\u00e7\u00e3o de novos produtos, complementado por significativas inova\u00e7\u00f5es de cariz organizacional e de marketing.<\/p>\n<p>O plano de investimento em apre\u00e7o visa responder de forma din\u00e2mica \u00e0s exig\u00eancias do mercado, atrav\u00e9s da introdu\u00e7\u00e3o de novas compet\u00eancias, associadas a tecnologias de ponta para o setor, bem como aos princ\u00edpios da Ind\u00fastria 4.0, que permitir\u00e3o a cria\u00e7\u00e3o de uma nova unidade produtiva, moderna, automatizada, energeticamente sustent\u00e1vel e eficiente. Ser\u00e3o fatores fundamentais que ir\u00e3o potenciar a atividade e crescimento da notoriedade da Empresa, sobretudo a n\u00edvel internacional, direcionando os produtos aos setores que j\u00e1 conhece, surpreendendo por\u00e9m os atuais e futuros clientes com propostas inovadoras no campo das solu\u00e7\u00f5es para tratamento de \u00e1guas, nomeadamente, os novos antiespumas recentemente desenvolvidos pela Empresa.<\/p>\n<p>Com efeito, o presente projeto de investimento foi preparado tendo subjacente uma l\u00f3gica de progress\u00e3o na cadeia de valor e de melhoria cont\u00ednua, traduzindo-se num projeto de inova\u00e7\u00e3o produtiva capaz de aportar importantes e decisivos ganhos de competitividade para a Empresa, e que ao mesmo tempo contribuir\u00e1 para a qualifica\u00e7\u00e3o do tecido empresarial portugu\u00eas. Como principais objetivos a alcan\u00e7ar com a realiza\u00e7\u00e3o do investimento, podemos destacar o facto de este permitir \u00e0 CELLWATER:<\/p>\n<ol>\n<li>Cria\u00e7\u00e3o de um novo estabelecimento, com execu\u00e7\u00e3o de obras de constru\u00e7\u00e3o de um edif\u00edcio industrial de ra\u00edz, inserido em terreno com aproximadamente 6.000m2. Ser\u00e1 uma unidade com 1.600m2, apetrechada com a melhor tecnologia dispon\u00edvel para o setor. Os equipamentos ir\u00e3o permitir capacitar a Empresa para a produ\u00e7\u00e3o de solu\u00e7\u00f5es de tratamento qu\u00edmico, com qualidade superior, menores perdas de recursos e energia (dado o superior controlo e efici\u00eancia do processo produtivo). Por outra via, do ponto de vista global da Empresa, este investimento tamb\u00e9m se traduz num incremento da capacidade produtiva de bens inovadores e na substitui\u00e7\u00e3o de importa\u00e7\u00f5es diretas de mat\u00e9rias-primas de origem qu\u00edmica por parte da CELLWATER;<\/li>\n<li>Por via da capacidade tecnol\u00f3gica a instalar, garantir sinergias por ganhos de produtividade, inerentes a um processo produtivo contempor\u00e2neo e automatizado, desde a entrada e tratamento das mat\u00e9rias-primas at\u00e9 ao acondicionamento do produto final. Esta ser\u00e1 uma das vantagens competitivas, onde atrav\u00e9s da implementa\u00e7\u00e3o de tecnologia de \u00faltima gera\u00e7\u00e3o, a Empresa ir\u00e1 alavancar os seus \u00edndices competitivos em todos os dom\u00ednios do seu ciclo produtivo;<\/li>\n<li>Produzir uma nova gama de produtos para tratamentos qu\u00edmicos de \u00e1gua, inovadores e diferenciados, e de elevado valor acrescentado, capazes de garantir uma utiliza\u00e7\u00e3o eficaz e segura em v\u00e1rias aplica\u00e7\u00f5es, indo ao encontro da evolu\u00e7\u00e3o do mercado e da sofistica\u00e7\u00e3o das prefer\u00eancias dos clientes, bem como dos requisitos da ind\u00fastria moderna, que valorizam, cada vez mais, solu\u00e7\u00f5es inovadoras e a pre\u00e7os competitivos;<\/li>\n<li>Promover a oferta de produtos environmentally friendly, atrav\u00e9s do desenvolvimento de produtos para o tratamento de caldeiras e circuitos de permuta t\u00e9rmica para aplica\u00e7\u00e3o nos sistemas de clientes que permitem um melhor desempenho t\u00e9rmico e consequentemente energ\u00e9tico, concorrendo assim para a preserva\u00e7\u00e3o dos recursos naturais e contribuindo para a pr\u00f3pria sustentabilidade ambiental;<\/li>\n<li>Operar mudan\u00e7as disruptivas no modelo de neg\u00f3cios, onde ser\u00e3o maximizados todos os recursos utilizados no processo produtivo, seja pela redu\u00e7\u00e3o de desperd\u00edcios, seja pela utiliza\u00e7\u00e3o dos recursos energ\u00e9ticos, tornando parcialmente subsistente o novo estabelecimento a implementar, por via da ado\u00e7\u00e3o de fontes de energia renov\u00e1vel. Surgir\u00e3o pr\u00e1ticas organizacionais inovadoras, decorrentes da I4.0, capazes de garantir novos m\u00e9todos de trabalho que se traduzir\u00e3o em formas inovadoras no que respeita ao relacionamento com os trabalhadores, parceiros e clientes;<\/li>\n<li>Dinamiza\u00e7\u00e3o da presen\u00e7a e atua\u00e7\u00e3o da Empresa ao n\u00edvel do seu processo de internacionaliza\u00e7\u00e3o, atrav\u00e9s da promo\u00e7\u00e3o dos seus produtos e crescente capacidade de penetra\u00e7\u00e3o em novos mercados atrav\u00e9s de uma estrat\u00e9gia de comunica\u00e7\u00e3o inbound e outbound.<\/li>\n<\/ol>\n<p>Em suma, a concretiza\u00e7\u00e3o do projeto de investimento proposto verifica-se ser fundamental para a estrat\u00e9gia delineada pela CELLWATER, a qual se encontra direcionada para a diferencia\u00e7\u00e3o, diversifica\u00e7\u00e3o, inova\u00e7\u00e3o e efici\u00eancia energ\u00e9tica como instrumentos para capta\u00e7\u00e3o de novos clientes e para a gera\u00e7\u00e3o de valor, refor\u00e7ando de forma inequ\u00edvoca a capacidade produtiva e a competitividade da Empresa no mercado global.[\/vc_column_text][\/vc_column][\/vc_row]<\/p>\n<\/section>","protected":false},"excerpt":{"rendered":"<p>[vc_row][vc_column width=&#8221;1\/1&#8243;][vc_column_text]Programa Operacional Regional do Centro \u2013 Inova\u00e7\u00e3o Produtiva Designa\u00e7\u00e3o do projeto | NewCELL \u2013 Expans\u00e3o, Crescimento e Inova\u00e7\u00e3o C\u00f3digo do projeto | CENTRO-02-0853-FEDER-044999 Objetivo principal |Refor\u00e7ar a competitividade das PME Tipologia de Interven\u00e7\u00e3o | Qualifica\u00e7\u00e3o e inova\u00e7\u00e3o das PME Regi\u00e3o de interven\u00e7\u00e3o | Centro Entidade benefici\u00e1ria | CELLWATER \u2013 Produtos Qu\u00edmicos para a Ind\u00fastria, Unipessoal Lda. Data de aprova\u00e7\u00e3o | 12-08-2019 Data de in\u00edcio | 01-05-2019 Data de conclus\u00e3o | 05-11-2021 Custo total eleg\u00edvel | 1.204.597,12 EUR Apoio financeiro da Uni\u00e3o Europeia | FEDER \u2013 361.379,14 EUR Objetivos, atividades e resultados | O projeto de investimento delineado pela CELLWATER demonstra uma estrat\u00e9gia de refor\u00e7o e diversifica\u00e7\u00e3o da atividade e aumento da competitividade da Empresa, por via da implementa\u00e7\u00e3o de novos processos tecnol\u00f3gicos conducentes \u00e0 obten\u00e7\u00e3o de novos produtos, complementado por significativas inova\u00e7\u00f5es de cariz organizacional e de marketing. O plano de investimento em apre\u00e7o visa responder de forma din\u00e2mica \u00e0s exig\u00eancias do mercado, atrav\u00e9s da introdu\u00e7\u00e3o de novas compet\u00eancias, associadas a tecnologias de ponta para o setor, bem como aos princ\u00edpios da Ind\u00fastria 4.0, que permitir\u00e3o a cria\u00e7\u00e3o de uma nova unidade produtiva, moderna, automatizada, energeticamente sustent\u00e1vel e eficiente. Ser\u00e3o fatores fundamentais que ir\u00e3o potenciar a atividade e crescimento [&hellip;]<\/p>\n","protected":false},"author":1,"featured_media":0,"parent":0,"menu_order":0,"comment_status":"closed","ping_status":"closed","template":"","meta":{"footnotes":""},"class_list":["post-11882","page","type-page","status-publish","hentry"],"_links":{"self":[{"href":"https:\/\/www.cellwater.pt\/cellwater\/pt\/wp-json\/wp\/v2\/pages\/11882","targetHints":{"allow":["GET"]}}],"collection":[{"href":"https:\/\/www.cellwater.pt\/cellwater\/pt\/wp-json\/wp\/v2\/pages"}],"about":[{"href":"https:\/\/www.cellwater.pt\/cellwater\/pt\/wp-json\/wp\/v2\/types\/page"}],"author":[{"embeddable":true,"href":"https:\/\/www.cellwater.pt\/cellwater\/pt\/wp-json\/wp\/v2\/users\/1"}],"replies":[{"embeddable":true,"href":"https:\/\/www.cellwater.pt\/cellwater\/pt\/wp-json\/wp\/v2\/comments?post=11882"}],"version-history":[{"count":18,"href":"https:\/\/www.cellwater.pt\/cellwater\/pt\/wp-json\/wp\/v2\/pages\/11882\/revisions"}],"predecessor-version":[{"id":83212,"href":"https:\/\/www.cellwater.pt\/cellwater\/pt\/wp-json\/wp\/v2\/pages\/11882\/revisions\/83212"}],"wp:attachment":[{"href":"https:\/\/www.cellwater.pt\/cellwater\/pt\/wp-json\/wp\/v2\/media?parent=11882"}],"curies":[{"name":"wp","href":"https:\/\/api.w.org\/{rel}","templated":true}]}}