{"id":1119,"date":"2016-03-18T18:00:40","date_gmt":"2016-03-18T18:00:40","guid":{"rendered":"http:\/\/cellwaterv2.cellwater.pt\/?page_id=1119"},"modified":"2022-12-19T00:08:46","modified_gmt":"2022-12-19T00:08:46","slug":"servicos","status":"publish","type":"page","link":"https:\/\/www.cellwater.pt\/cellwater\/pt\/servicos\/","title":{"rendered":"Servi\u00e7os"},"content":{"rendered":"<section class=\"wpb-content-wrapper\"><p>[vc_row][vc_column width=&#8221;1\/1&#8243;]<div class=\"spacer\" style=\"height: 10px;\"><\/div>\n\t\t\t<!-- START Servi\u00e7os REVOLUTION SLIDER 6.6.13 --><p class=\"rs-p-wp-fix\"><\/p>\n\t\t\t<rs-module-wrap id=\"rev_slider_3_1_wrapper\" data-source=\"gallery\" data-aimg=\"\"  style=\"visibility:hidden;background:#E9E9E9;padding:0;margin:0px auto;margin-top:0;margin-bottom:0;\">\n\t\t\t\t<rs-module id=\"rev_slider_3_1\" style=\"\" data-version=\"6.6.13\">\n\t\t\t\t\t<rs-slides style=\"overflow: hidden; position: absolute;\">\n\t\t\t\t\t\t<rs-slide style=\"position: absolute;\" data-key=\"rs-13\" data-title=\"Slide\" data-anim=\"ms:2000;\" data-in=\"prst:rndany;o:0;\" data-out=\"a:false;\" data-d3=\"f:cube;z:450;t:-45;su:true;\">\n\t\t\t\t\t\t\t<img decoding=\"async\" src=\"\/\/www.cellwater.pt\/cellwater\/wp-content\/plugins\/revslider\/public\/assets\/assets\/dummy.png\" alt=\"\" title=\"etar\" width=\"940\" height=\"200\" class=\"rev-slidebg tp-rs-img rs-lazyload\" data-lazyload=\"\/\/www.cellwater.pt\/cellwater\/wp-content\/uploads\/2016\/08\/etar.jpg\" data-no-retina>\n<!---->\t\t\t\t\t\t<\/rs-slide>\n\t\t\t\t\t\t<rs-slide style=\"position: absolute;\" data-key=\"rs-14\" data-title=\"Slide\" data-anim=\"adpr:false;\" data-in=\"o:0;\" data-out=\"a:false;\">\n\t\t\t\t\t\t\t<img decoding=\"async\" src=\"\/\/www.cellwater.pt\/cellwater\/wp-content\/plugins\/revslider\/public\/assets\/assets\/dummy.png\" alt=\"\" title=\"caldeira\" width=\"940\" height=\"200\" class=\"rev-slidebg tp-rs-img rs-lazyload\" data-lazyload=\"\/\/www.cellwater.pt\/cellwater\/wp-content\/uploads\/2016\/08\/caldeira.jpg\" data-no-retina>\n<!---->\t\t\t\t\t\t<\/rs-slide>\n\t\t\t\t\t\t<rs-slide style=\"position: absolute;\" data-key=\"rs-15\" data-title=\"Slide\" data-anim=\"adpr:false;\" data-in=\"o:0;\" data-out=\"a:false;\">\n\t\t\t\t\t\t\t<img decoding=\"async\" src=\"\/\/www.cellwater.pt\/cellwater\/wp-content\/plugins\/revslider\/public\/assets\/assets\/dummy.png\" alt=\"\" title=\"refrigeracao\" width=\"940\" height=\"200\" class=\"rev-slidebg tp-rs-img rs-lazyload\" data-lazyload=\"\/\/www.cellwater.pt\/cellwater\/wp-content\/uploads\/2016\/08\/refrigeracao.jpg\" data-no-retina>\n<!---->\t\t\t\t\t\t<\/rs-slide>\n\t\t\t\t\t\t<rs-slide style=\"position: absolute;\" data-key=\"rs-16\" data-title=\"Slide\" data-anim=\"adpr:false;\" data-in=\"o:0;\" data-out=\"a:false;\">\n\t\t\t\t\t\t\t<img decoding=\"async\" src=\"\/\/www.cellwater.pt\/cellwater\/wp-content\/plugins\/revslider\/public\/assets\/assets\/dummy.png\" alt=\"\" title=\"osmose_inversa\" width=\"940\" height=\"200\" class=\"rev-slidebg tp-rs-img rs-lazyload\" data-lazyload=\"\/\/www.cellwater.pt\/cellwater\/wp-content\/uploads\/2016\/08\/osmose_inversa.jpg\" data-no-retina>\n<!---->\t\t\t\t\t\t<\/rs-slide>\n\t\t\t\t\t\t<rs-slide style=\"position: absolute;\" data-key=\"rs-17\" data-title=\"Slide\" data-anim=\"adpr:false;\" data-in=\"o:0;\" data-out=\"a:false;\">\n\t\t\t\t\t\t\t<img decoding=\"async\" src=\"\/\/www.cellwater.pt\/cellwater\/wp-content\/plugins\/revslider\/public\/assets\/assets\/dummy.png\" alt=\"\" title=\"piscinas\" width=\"940\" height=\"200\" class=\"rev-slidebg tp-rs-img rs-lazyload\" data-lazyload=\"\/\/www.cellwater.pt\/cellwater\/wp-content\/uploads\/2016\/08\/piscinas.jpg\" data-no-retina>\n<!---->\t\t\t\t\t\t<\/rs-slide>\n\t\t\t\t\t\t<rs-slide style=\"position: absolute;\" data-key=\"rs-18\" data-title=\"Slide\" data-anim=\"adpr:false;\" data-in=\"o:0;\" data-out=\"a:false;\">\n\t\t\t\t\t\t\t<img decoding=\"async\" src=\"\/\/www.cellwater.pt\/cellwater\/wp-content\/plugins\/revslider\/public\/assets\/assets\/dummy.png\" alt=\"\" title=\"lagos\" width=\"940\" height=\"200\" class=\"rev-slidebg tp-rs-img rs-lazyload\" data-lazyload=\"\/\/www.cellwater.pt\/cellwater\/wp-content\/uploads\/2016\/08\/lagos.jpg\" data-no-retina>\n<!---->\t\t\t\t\t\t<\/rs-slide>\n\t\t\t\t\t<\/rs-slides>\n\t\t\t\t<\/rs-module>\n\t\t\t\t<script>\n\t\t\t\t\tsetREVStartSize({c: 'rev_slider_3_1',rl:[1240,1024,778,480],el:[200],gw:[940],gh:[200],type:'standard',justify:'',layout:'fullwidth',mh:\"0\"});if (window.RS_MODULES!==undefined && window.RS_MODULES.modules!==undefined && window.RS_MODULES.modules[\"revslider31\"]!==undefined) {window.RS_MODULES.modules[\"revslider31\"].once = false;window.revapi3 = undefined;if (window.RS_MODULES.checkMinimal!==undefined) window.RS_MODULES.checkMinimal()}\n\t\t\t\t<\/script>\n\t\t\t<\/rs-module-wrap>\n\t\t\t<!-- END REVOLUTION SLIDER -->\n<div class=\"spacer\" style=\"height: 40px;\"><\/div>[\/vc_column][\/vc_row][vc_row][vc_column][vc_column_text css_animation=&#8221;fadeIn&#8221;]A Cellwater disp\u00f5e de t\u00e9cnicos altamente qualificados e experientes, disponibilizando desta forma, a todos os clientes que necessitem, um aconselhamento e acompanhamento na implementa\u00e7\u00e3o de solu\u00e7\u00f5es, garantindo desta forma os resultados pretendidos.<br \/>\nA Cellwater oferece aos seus clientes um servi\u00e7o integrado para Tratamento de \u00c1guas, com produtos qu\u00edmicos e equipamentos adequados, permitindo alcan\u00e7ar as melhores solu\u00e7\u00f5es nas v\u00e1rias vertentes, tais como:<br \/>\n\u2022\u00a0\u00a0 \u00a0Tratamento de Efluentes (ETAR\u2019s, ETARi\u2019s, elevat\u00f3rias)<br \/>\n\u2022\u00a0\u00a0 \u00a0Caldeiras<br \/>\n\u2022\u00a0\u00a0 \u00a0Torres de refrigera\u00e7\u00e3o<br \/>\n\u2022\u00a0\u00a0 \u00a0Osmose inversa<br \/>\n\u2022\u00a0\u00a0 \u00a0Piscinas<br \/>\n\u2022\u00a0\u00a0 \u00a0Lagos ornamentais[\/vc_column_text]<div class=\"spacer\" style=\"height: 10px;\"><\/div>[\/vc_column][\/vc_row][vc_row bg_color=&#8221;#efefef&#8221;][vc_column width=&#8221;2\/3&#8243;]<div class=\"spacer\" style=\"height: 10px;\"><\/div><div class=\"divider-title align-left\" >Brochuras de produtos<\/div>[vc_column_text css_animation=&#8221;bounceInLeft&#8221;]<\/p>\n<p style=\"text-align: left;\">Consulte as nossas brochuras e fique a conhecer todas as nossas solu\u00e7\u00f5es para cada \u00e1rea de neg\u00f3cio. Sabemos que temos a solu\u00e7\u00e3o certa para si.<\/p>\n<p>Para receber um ou mais cat\u00e1logos em formato de papel solicite-o\u00a0<a href=\"https:\/\/www.cellwater.pt\/cellwater\/pedido-de-catalogos\/\">aqui<\/a>.<\/p>\n<p>[\/vc_column_text]<a href=\"https:\/\/www.cellwater.pt\/cellwater\/brochuras\/\" target=\"_self\" class=\"button blue medium \" style=\"border-radius: 2px;\">DESCARREGUE AQUI AS NOSSAS BROCHURAS<\/a>[\/vc_column][vc_column width=&#8221;1\/3&#8243;]<div class=\"spacer\" style=\"height: 10px;\"><\/div><div class=\"divider-title align-left\" >Contacte-nos<\/div>[vc_column_text css_animation=&#8221;bounceInRight&#8221;]Solicite j\u00e1 o nosso contacto. Com a experi\u00eancia adquirida aliada aos nossos conhecimentos t\u00e9cnicos, sabemos que dispomos das melhores solu\u00e7\u00f5es obtendo assim melhores resultados.[\/vc_column_text]<a href=\"https:\/\/www.cellwater.pt\/cellwater\/contactos\/\" target=\"_self\" class=\"button blue medium \" style=\"border-radius: 2px;\">SOLICITAR CONTACTO<\/a><div class=\"spacer\" style=\"height: 10px;\"><\/div>[\/vc_column][\/vc_row][vc_row][vc_column width=&#8221;1\/1&#8243;]<div class=\"spacer\" style=\"height: 40px;\"><\/div><div class=\"divider-title align-left\" >Clientes<\/div>[vc_column_text css_animation=&#8221;bounceInLeft&#8221;]A\u00a0<strong class=\"azul_med\">Cellwater<\/strong>\u00a0orgulha-se de ter como seus clientes empresas de renome no mercado nacional, tais como: The Navigator Company, AdP \u2013 \u00c1guas de Portugal, Manvia (Grupo Mota-Engil), Lena Ambiente, Sis\u00e1qua, TecnoSpie, Grupo Investwood (IFM e Valbopan), Europac, F\u00e1brica de Papel e Cart\u00e3o da Zarrinha, Cartonarte, Copidata, Fapricela, Sifucel, Agra\u00e7or, Ambimed, Celtejo\u00a0(Grupo\u00a0Altri), etc\u2026[\/vc_column_text][vc_column_text css_animation=&#8221;bounceInRight&#8221;]<span class=\"tooltips\"><a href=\"#\" title=\"The Navigator Company\" onclick=\"return false\"><a href=\"https:\/\/www.cellwater.pt\/cellwater\/wp-content\/uploads\/2016\/07\/navigator_logo.png\"><img loading=\"lazy\" decoding=\"async\" class=\"size-full wp-image-1589 aligncenter\" src=\"https:\/\/www.cellwater.pt\/cellwater\/wp-content\/uploads\/2016\/07\/navigator_logo.png\" alt=\"\" width=\"160\" height=\"76\" srcset=\"https:\/\/www.cellwater.pt\/cellwater\/wp-content\/uploads\/2016\/07\/navigator_logo.png 160w, https:\/\/www.cellwater.pt\/cellwater\/wp-content\/uploads\/2016\/07\/navigator_logo-150x71.png 150w\" sizes=\"auto, (max-width: 160px) 100vw, 160px\" \/><\/a><\/a><\/span>\u00a0 \u00a0 \u00a0<span class=\"tooltips\"><a href=\"#\" title=\"\u00c1gua de Portugal\" onclick=\"return false\"><a href=\"https:\/\/www.cellwater.pt\/cellwater\/wp-content\/uploads\/2013\/01\/adp.fw_.png\"><img loading=\"lazy\" decoding=\"async\" class=\"size-full wp-image-946 aligncenter\" src=\"https:\/\/www.cellwater.pt\/cellwater\/wp-content\/uploads\/2013\/01\/adp.fw_.png\" alt=\"\" width=\"160\" height=\"76\" srcset=\"https:\/\/www.cellwater.pt\/cellwater\/wp-content\/uploads\/2013\/01\/adp.fw_.png 160w, https:\/\/www.cellwater.pt\/cellwater\/wp-content\/uploads\/2013\/01\/adp.fw_-150x71.png 150w\" sizes=\"auto, (max-width: 160px) 100vw, 160px\" \/><\/a><\/a><\/span>\u00a0 \u00a0 \u00a0<span class=\"tooltips\"><a href=\"#\" title=\"Manvia\" onclick=\"return false\"><a href=\"https:\/\/www.cellwater.pt\/cellwater\/wp-content\/uploads\/2013\/01\/manvia.fw_.png\"><img loading=\"lazy\" decoding=\"async\" class=\"size-full wp-image-948 aligncenter\" src=\"https:\/\/www.cellwater.pt\/cellwater\/wp-content\/uploads\/2013\/01\/manvia.fw_.png\" alt=\"\" width=\"160\" height=\"76\" srcset=\"https:\/\/www.cellwater.pt\/cellwater\/wp-content\/uploads\/2013\/01\/manvia.fw_.png 160w, https:\/\/www.cellwater.pt\/cellwater\/wp-content\/uploads\/2013\/01\/manvia.fw_-150x71.png 150w\" sizes=\"auto, (max-width: 160px) 100vw, 160px\" \/><\/a><\/a><\/span>\u00a0 \u00a0 \u00a0 \u00a0<span class=\"tooltips\"><a href=\"#\" title=\"Investwood\" onclick=\"return false\"><a href=\"https:\/\/www.cellwater.pt\/cellwater\/wp-content\/uploads\/2013\/01\/investwood.fw_.png\"><img loading=\"lazy\" decoding=\"async\" class=\"size-full wp-image-949 aligncenter\" src=\"https:\/\/www.cellwater.pt\/cellwater\/wp-content\/uploads\/2013\/01\/investwood.fw_.png\" alt=\"\" width=\"160\" height=\"76\" srcset=\"https:\/\/www.cellwater.pt\/cellwater\/wp-content\/uploads\/2013\/01\/investwood.fw_.png 160w, https:\/\/www.cellwater.pt\/cellwater\/wp-content\/uploads\/2013\/01\/investwood.fw_-150x71.png 150w\" sizes=\"auto, (max-width: 160px) 100vw, 160px\" \/><\/a><\/a><\/span>\u00a0 \u00a0 \u00a0 \u00a0<span class=\"tooltips\"><a href=\"#\" title=\"\u00c1gua de Portugal\" onclick=\"return false\"><a href=\"https:\/\/www.cellwater.pt\/cellwater\/wp-content\/uploads\/2013\/01\/europac.fw_.png\"><img loading=\"lazy\" decoding=\"async\" class=\"size-full wp-image-950 aligncenter\" src=\"https:\/\/www.cellwater.pt\/cellwater\/wp-content\/uploads\/2013\/01\/europac.fw_.png\" alt=\"\" width=\"160\" height=\"76\" srcset=\"https:\/\/www.cellwater.pt\/cellwater\/wp-content\/uploads\/2013\/01\/europac.fw_.png 160w, https:\/\/www.cellwater.pt\/cellwater\/wp-content\/uploads\/2013\/01\/europac.fw_-150x71.png 150w\" sizes=\"auto, (max-width: 160px) 100vw, 160px\" \/><\/a><\/a><\/span>\u00a0 \u00a0 \u00a0 <span class=\"tooltips\"><a href=\"#\" title=\"Manvia\" onclick=\"return false\"><a href=\"https:\/\/www.cellwater.pt\/cellwater\/wp-content\/uploads\/2017\/02\/altri.png\"><img loading=\"lazy\" decoding=\"async\" class=\"size-full wp-image-1856 aligncenter\" src=\"https:\/\/www.cellwater.pt\/cellwater\/wp-content\/uploads\/2017\/02\/altri.png\" alt=\"\" width=\"112\" height=\"76\" \/><\/a><\/a><\/span>[\/vc_column_text]<div class=\"spacer\" style=\"height: 40px;\"><\/div>[\/vc_column][\/vc_row]<\/p>\n<\/section>","protected":false},"excerpt":{"rendered":"<p>[vc_row][vc_column width=&#8221;1\/1&#8243;][\/vc_column][\/vc_row][vc_row][vc_column][vc_column_text css_animation=&#8221;fadeIn&#8221;]A Cellwater disp\u00f5e de t\u00e9cnicos altamente qualificados e experientes, disponibilizando desta forma, a todos os clientes que necessitem, um aconselhamento e acompanhamento na implementa\u00e7\u00e3o de solu\u00e7\u00f5es, garantindo desta forma os resultados pretendidos. A Cellwater oferece aos seus clientes um servi\u00e7o integrado para Tratamento de \u00c1guas, com produtos qu\u00edmicos e equipamentos adequados, permitindo alcan\u00e7ar as melhores solu\u00e7\u00f5es nas v\u00e1rias vertentes, tais como: \u2022\u00a0\u00a0 \u00a0Tratamento de Efluentes (ETAR\u2019s, ETARi\u2019s, elevat\u00f3rias) \u2022\u00a0\u00a0 \u00a0Caldeiras \u2022\u00a0\u00a0 \u00a0Torres de refrigera\u00e7\u00e3o \u2022\u00a0\u00a0 \u00a0Osmose inversa \u2022\u00a0\u00a0 \u00a0Piscinas \u2022\u00a0\u00a0 \u00a0Lagos ornamentais[\/vc_column_text][\/vc_column][\/vc_row][vc_row bg_color=&#8221;#efefef&#8221;][vc_column width=&#8221;2\/3&#8243;][vc_column_text css_animation=&#8221;bounceInLeft&#8221;] Consulte as nossas brochuras e fique a conhecer todas as nossas solu\u00e7\u00f5es para cada \u00e1rea de neg\u00f3cio. Sabemos que temos a solu\u00e7\u00e3o certa para si. Para receber um ou mais cat\u00e1logos em formato de papel solicite-o\u00a0aqui. [\/vc_column_text][\/vc_column][vc_column width=&#8221;1\/3&#8243;][vc_column_text css_animation=&#8221;bounceInRight&#8221;]Solicite j\u00e1 o nosso contacto. Com a experi\u00eancia adquirida aliada aos nossos conhecimentos t\u00e9cnicos, sabemos que dispomos das melhores solu\u00e7\u00f5es obtendo assim melhores resultados.[\/vc_column_text][\/vc_column][\/vc_row][vc_row][vc_column width=&#8221;1\/1&#8243;][vc_column_text css_animation=&#8221;bounceInLeft&#8221;]A\u00a0Cellwater\u00a0orgulha-se de ter como seus clientes empresas de renome no mercado nacional, tais como: The Navigator Company, AdP \u2013 \u00c1guas de Portugal, Manvia (Grupo Mota-Engil), Lena Ambiente, Sis\u00e1qua, TecnoSpie, Grupo Investwood (IFM e Valbopan), Europac, F\u00e1brica de Papel e Cart\u00e3o da Zarrinha, Cartonarte, Copidata, Fapricela, Sifucel, Agra\u00e7or, Ambimed, Celtejo\u00a0(Grupo\u00a0Altri), etc\u2026[\/vc_column_text][vc_column_text [&hellip;]<\/p>\n","protected":false},"author":1,"featured_media":0,"parent":0,"menu_order":0,"comment_status":"closed","ping_status":"closed","template":"","meta":{"footnotes":""},"class_list":["post-1119","page","type-page","status-publish","hentry"],"_links":{"self":[{"href":"https:\/\/www.cellwater.pt\/cellwater\/pt\/wp-json\/wp\/v2\/pages\/1119","targetHints":{"allow":["GET"]}}],"collection":[{"href":"https:\/\/www.cellwater.pt\/cellwater\/pt\/wp-json\/wp\/v2\/pages"}],"about":[{"href":"https:\/\/www.cellwater.pt\/cellwater\/pt\/wp-json\/wp\/v2\/types\/page"}],"author":[{"embeddable":true,"href":"https:\/\/www.cellwater.pt\/cellwater\/pt\/wp-json\/wp\/v2\/users\/1"}],"replies":[{"embeddable":true,"href":"https:\/\/www.cellwater.pt\/cellwater\/pt\/wp-json\/wp\/v2\/comments?post=1119"}],"version-history":[{"count":61,"href":"https:\/\/www.cellwater.pt\/cellwater\/pt\/wp-json\/wp\/v2\/pages\/1119\/revisions"}],"predecessor-version":[{"id":83190,"href":"https:\/\/www.cellwater.pt\/cellwater\/pt\/wp-json\/wp\/v2\/pages\/1119\/revisions\/83190"}],"wp:attachment":[{"href":"https:\/\/www.cellwater.pt\/cellwater\/pt\/wp-json\/wp\/v2\/media?parent=1119"}],"curies":[{"name":"wp","href":"https:\/\/api.w.org\/{rel}","templated":true}]}}