{"id":1795,"date":"2017-01-24T11:20:00","date_gmt":"2017-01-24T11:20:00","guid":{"rendered":"http:\/\/cellwaterv2.cellwater.pt\/?post_type=product&#038;p=1795"},"modified":"2017-07-12T19:37:26","modified_gmt":"2017-07-12T19:37:26","slug":"celldes-p","status":"publish","type":"product","link":"https:\/\/www.cellwater.pt\/cellwater\/fr\/produto\/celldes-p\/","title":{"rendered":"CELLDES P"},"content":{"rendered":"<p>Recomenda-se a utiliza\u00e7\u00e3o de <strong>CELLDES P<\/strong> na limpeza e desobstru\u00e7\u00e3o de canaliza\u00e7\u00f5es com problemas graves de entupimento. Muito eficaz na liquefa\u00e7\u00e3o de gorduras, lodos, papel, tecidos, entre outros.<\/p>\n","protected":false},"excerpt":{"rendered":"<p><strong>Desobstru\u00e7\u00e3o de canaliza\u00e7\u00f5es<br \/>\n<\/strong><\/p>\n","protected":false},"featured_media":1893,"comment_status":"closed","ping_status":"closed","template":"","meta":[],"product_brand":[],"product_cat":[64,69],"product_tag":[],"class_list":{"0":"post-1795","1":"product","2":"type-product","3":"status-publish","4":"has-post-thumbnail","6":"product_cat-manutencao-industrial","7":"product_cat-utilizacao-geral","9":"first","10":"instock","11":"downloadable","12":"shipping-taxable","13":"product-type-simple"},"_links":{"self":[{"href":"https:\/\/www.cellwater.pt\/cellwater\/fr\/wp-json\/wp\/v2\/product\/1795","targetHints":{"allow":["GET"]}}],"collection":[{"href":"https:\/\/www.cellwater.pt\/cellwater\/fr\/wp-json\/wp\/v2\/product"}],"about":[{"href":"https:\/\/www.cellwater.pt\/cellwater\/fr\/wp-json\/wp\/v2\/types\/product"}],"replies":[{"embeddable":true,"href":"https:\/\/www.cellwater.pt\/cellwater\/fr\/wp-json\/wp\/v2\/comments?post=1795"}],"wp:featuredmedia":[{"embeddable":true,"href":"https:\/\/www.cellwater.pt\/cellwater\/fr\/wp-json\/wp\/v2\/media\/1893"}],"wp:attachment":[{"href":"https:\/\/www.cellwater.pt\/cellwater\/fr\/wp-json\/wp\/v2\/media?parent=1795"}],"wp:term":[{"taxonomy":"product_brand","embeddable":true,"href":"https:\/\/www.cellwater.pt\/cellwater\/fr\/wp-json\/wp\/v2\/product_brand?post=1795"},{"taxonomy":"product_cat","embeddable":true,"href":"https:\/\/www.cellwater.pt\/cellwater\/fr\/wp-json\/wp\/v2\/product_cat?post=1795"},{"taxonomy":"product_tag","embeddable":true,"href":"https:\/\/www.cellwater.pt\/cellwater\/fr\/wp-json\/wp\/v2\/product_tag?post=1795"}],"curies":[{"name":"wp","href":"https:\/\/api.w.org\/{rel}","templated":true}]}}