{"id":1430,"date":"2016-04-04T17:25:09","date_gmt":"2016-04-04T17:25:09","guid":{"rendered":"http:\/\/cellwaterv2.cellwater.pt\/?post_type=product&#038;p=1430"},"modified":"2017-07-12T21:43:41","modified_gmt":"2017-07-12T21:43:41","slug":"cellabsorb","status":"publish","type":"product","link":"https:\/\/www.cellwater.pt\/cellwater\/fr\/produto\/cellabsorb\/","title":{"rendered":"CELLABSORB"},"content":{"rendered":"<p>O <strong>CELLABSORB<\/strong> \u00e9 um absorvente natural, de elevada capacidade de absor\u00e7\u00e3o, podendo superar o seu pr\u00f3prio peso em \u00e1gua.<\/p>\n<p>Devido ao seu elevado coeficiente de absor\u00e7\u00e3o de l\u00edquidos \u00e9 recomendada a sua utiliza\u00e7\u00e3o em f\u00e1bricas, oficinas, postos de abastecimento de combust\u00edveis, refinarias, etc., onde as \u00e1reas de manuseamento de fluidos podem ocasionar acidentes devido a derrames.<\/p>\n<p>Pela sua natureza qu\u00edmica <strong>CELLABSORB<\/strong> \u00e9 totalmente inerte, n\u00e3o combust\u00edvel nem t\u00f3xico.<\/p>\n","protected":false},"excerpt":{"rendered":"<p><strong>Absorvente industrial<\/strong><\/p>\n","protected":false},"featured_media":1949,"comment_status":"closed","ping_status":"closed","template":"","meta":[],"product_brand":[],"product_cat":[64,69],"product_tag":[],"class_list":{"0":"post-1430","1":"product","2":"type-product","3":"status-publish","4":"has-post-thumbnail","6":"product_cat-manutencao-industrial","7":"product_cat-utilizacao-geral","9":"first","10":"instock","11":"downloadable","12":"shipping-taxable","13":"product-type-simple"},"_links":{"self":[{"href":"https:\/\/www.cellwater.pt\/cellwater\/fr\/wp-json\/wp\/v2\/product\/1430","targetHints":{"allow":["GET"]}}],"collection":[{"href":"https:\/\/www.cellwater.pt\/cellwater\/fr\/wp-json\/wp\/v2\/product"}],"about":[{"href":"https:\/\/www.cellwater.pt\/cellwater\/fr\/wp-json\/wp\/v2\/types\/product"}],"replies":[{"embeddable":true,"href":"https:\/\/www.cellwater.pt\/cellwater\/fr\/wp-json\/wp\/v2\/comments?post=1430"}],"wp:featuredmedia":[{"embeddable":true,"href":"https:\/\/www.cellwater.pt\/cellwater\/fr\/wp-json\/wp\/v2\/media\/1949"}],"wp:attachment":[{"href":"https:\/\/www.cellwater.pt\/cellwater\/fr\/wp-json\/wp\/v2\/media?parent=1430"}],"wp:term":[{"taxonomy":"product_brand","embeddable":true,"href":"https:\/\/www.cellwater.pt\/cellwater\/fr\/wp-json\/wp\/v2\/product_brand?post=1430"},{"taxonomy":"product_cat","embeddable":true,"href":"https:\/\/www.cellwater.pt\/cellwater\/fr\/wp-json\/wp\/v2\/product_cat?post=1430"},{"taxonomy":"product_tag","embeddable":true,"href":"https:\/\/www.cellwater.pt\/cellwater\/fr\/wp-json\/wp\/v2\/product_tag?post=1430"}],"curies":[{"name":"wp","href":"https:\/\/api.w.org\/{rel}","templated":true}]}}