{"id":1243,"date":"2016-04-01T16:49:57","date_gmt":"2016-04-01T16:49:57","guid":{"rendered":"http:\/\/cellwaterv2.cellwater.pt\/?post_type=product&#038;p=1243"},"modified":"2017-08-19T22:51:13","modified_gmt":"2017-08-19T22:51:13","slug":"cellalga-plus","status":"publish","type":"product","link":"https:\/\/www.cellwater.pt\/cellwater\/fr\/produto\/cellalga-plus\/","title":{"rendered":"CELLALGA PLUS"},"content":{"rendered":"<p>O <strong>CELLALGA PLUS<\/strong> \u00e9 um algicida, bactericida e fungicida, sem ac\u00e7\u00e3o espumante e de ac\u00e7\u00e3o r\u00e1pida, altamente eficaz na elimina\u00e7\u00e3o de todo o tipo de algas. (verdes, pretas e mostrada).<\/p>\n<p>Dispon\u00edvel em embalagens de 5 e 25 Lt.<\/p>\n","protected":false},"excerpt":{"rendered":"<p><strong>Algicida bactericida<\/strong><\/p>\n","protected":false},"featured_media":2003,"comment_status":"closed","ping_status":"closed","template":"","meta":[],"product_brand":[],"product_cat":[53,51],"product_tag":[],"class_list":{"0":"post-1243","1":"product","2":"type-product","3":"status-publish","4":"has-post-thumbnail","6":"product_cat-piscinas","7":"product_cat-tratamento-de-aguas","9":"first","10":"instock","11":"downloadable","12":"shipping-taxable","13":"product-type-simple"},"_links":{"self":[{"href":"https:\/\/www.cellwater.pt\/cellwater\/fr\/wp-json\/wp\/v2\/product\/1243","targetHints":{"allow":["GET"]}}],"collection":[{"href":"https:\/\/www.cellwater.pt\/cellwater\/fr\/wp-json\/wp\/v2\/product"}],"about":[{"href":"https:\/\/www.cellwater.pt\/cellwater\/fr\/wp-json\/wp\/v2\/types\/product"}],"replies":[{"embeddable":true,"href":"https:\/\/www.cellwater.pt\/cellwater\/fr\/wp-json\/wp\/v2\/comments?post=1243"}],"wp:featuredmedia":[{"embeddable":true,"href":"https:\/\/www.cellwater.pt\/cellwater\/fr\/wp-json\/wp\/v2\/media\/2003"}],"wp:attachment":[{"href":"https:\/\/www.cellwater.pt\/cellwater\/fr\/wp-json\/wp\/v2\/media?parent=1243"}],"wp:term":[{"taxonomy":"product_brand","embeddable":true,"href":"https:\/\/www.cellwater.pt\/cellwater\/fr\/wp-json\/wp\/v2\/product_brand?post=1243"},{"taxonomy":"product_cat","embeddable":true,"href":"https:\/\/www.cellwater.pt\/cellwater\/fr\/wp-json\/wp\/v2\/product_cat?post=1243"},{"taxonomy":"product_tag","embeddable":true,"href":"https:\/\/www.cellwater.pt\/cellwater\/fr\/wp-json\/wp\/v2\/product_tag?post=1243"}],"curies":[{"name":"wp","href":"https:\/\/api.w.org\/{rel}","templated":true}]}}