{"id":2065,"date":"2017-08-21T23:01:57","date_gmt":"2017-08-21T23:01:57","guid":{"rendered":"http:\/\/cellwaterv2.cellwater.pt\/?post_type=product&#038;p=2065"},"modified":"2017-08-21T23:01:57","modified_gmt":"2017-08-21T23:01:57","slug":"cellauto-cal","status":"publish","type":"product","link":"https:\/\/www.cellwater.pt\/cellwater\/es\/produto\/cellauto-cal\/","title":{"rendered":"CELLAUTO CAL"},"content":{"rendered":"<p>O <strong>CELLAUTO CAL<\/strong> \u00e9 um champ\u00f4 especificamente recomendado para a lavagem manual de ve\u00edculos auto.<\/p>\n","protected":false},"excerpt":{"rendered":"<p>Champ\u00f4 neutro para a Lavagem Manual de Viaturas<\/p>\n","protected":false},"featured_media":2067,"comment_status":"closed","ping_status":"closed","template":"","meta":[],"product_brand":[],"product_cat":[61,60],"product_tag":[],"class_list":{"0":"post-2065","1":"product","2":"type-product","3":"status-publish","4":"has-post-thumbnail","6":"product_cat-limpeza-e-manutencao","7":"product_cat-ramo-automovel","9":"first","10":"instock","11":"downloadable","12":"shipping-taxable","13":"product-type-simple"},"_links":{"self":[{"href":"https:\/\/www.cellwater.pt\/cellwater\/es\/wp-json\/wp\/v2\/product\/2065","targetHints":{"allow":["GET"]}}],"collection":[{"href":"https:\/\/www.cellwater.pt\/cellwater\/es\/wp-json\/wp\/v2\/product"}],"about":[{"href":"https:\/\/www.cellwater.pt\/cellwater\/es\/wp-json\/wp\/v2\/types\/product"}],"replies":[{"embeddable":true,"href":"https:\/\/www.cellwater.pt\/cellwater\/es\/wp-json\/wp\/v2\/comments?post=2065"}],"wp:featuredmedia":[{"embeddable":true,"href":"https:\/\/www.cellwater.pt\/cellwater\/es\/wp-json\/wp\/v2\/media\/2067"}],"wp:attachment":[{"href":"https:\/\/www.cellwater.pt\/cellwater\/es\/wp-json\/wp\/v2\/media?parent=2065"}],"wp:term":[{"taxonomy":"product_brand","embeddable":true,"href":"https:\/\/www.cellwater.pt\/cellwater\/es\/wp-json\/wp\/v2\/product_brand?post=2065"},{"taxonomy":"product_cat","embeddable":true,"href":"https:\/\/www.cellwater.pt\/cellwater\/es\/wp-json\/wp\/v2\/product_cat?post=2065"},{"taxonomy":"product_tag","embeddable":true,"href":"https:\/\/www.cellwater.pt\/cellwater\/es\/wp-json\/wp\/v2\/product_tag?post=2065"}],"curies":[{"name":"wp","href":"https:\/\/api.w.org\/{rel}","templated":true}]}}