{"id":1761,"date":"2017-01-24T10:28:37","date_gmt":"2017-01-24T10:28:37","guid":{"rendered":"http:\/\/cellwaterv2.cellwater.pt\/?post_type=product&#038;p=1761"},"modified":"2017-07-12T20:14:14","modified_gmt":"2017-07-12T20:14:14","slug":"celldes-mil","status":"publish","type":"product","link":"https:\/\/www.cellwater.pt\/cellwater\/es\/produto\/celldes-mil\/","title":{"rendered":"CELLDES MIL"},"content":{"rendered":"<p>O <strong>CELLDES MIL<\/strong> \u00e9 um detergente alcalino com excelentes propriedades desengordurantes. Remove eficazmente todas as gorduras de origem animal, vegetal e mineral. Recomenda-se a sua utiliza\u00e7\u00e3o em limpezas gerais de pavimentos, paredes, material cer\u00e2mico, equipamentos de recolha de RSU, entre outros.<\/p>\n<p>Pode ser aplicado manualmente ou mecanicamente, utilizando uma m\u00e1quina de alta press\u00e3o ou uma m\u00e1quina rotativa de escovas a quente ou a frio.<\/p>\n","protected":false},"excerpt":{"rendered":"<p><strong>Desengordurante para limpezas gerais<\/strong><\/p>\n","protected":false},"featured_media":1908,"comment_status":"closed","ping_status":"closed","template":"","meta":[],"product_brand":[],"product_cat":[65,64],"product_tag":[],"class_list":{"0":"post-1761","1":"product","2":"type-product","3":"status-publish","4":"has-post-thumbnail","6":"product_cat-desengordurantes","7":"product_cat-manutencao-industrial","9":"first","10":"instock","11":"downloadable","12":"shipping-taxable","13":"product-type-simple"},"_links":{"self":[{"href":"https:\/\/www.cellwater.pt\/cellwater\/es\/wp-json\/wp\/v2\/product\/1761","targetHints":{"allow":["GET"]}}],"collection":[{"href":"https:\/\/www.cellwater.pt\/cellwater\/es\/wp-json\/wp\/v2\/product"}],"about":[{"href":"https:\/\/www.cellwater.pt\/cellwater\/es\/wp-json\/wp\/v2\/types\/product"}],"replies":[{"embeddable":true,"href":"https:\/\/www.cellwater.pt\/cellwater\/es\/wp-json\/wp\/v2\/comments?post=1761"}],"wp:featuredmedia":[{"embeddable":true,"href":"https:\/\/www.cellwater.pt\/cellwater\/es\/wp-json\/wp\/v2\/media\/1908"}],"wp:attachment":[{"href":"https:\/\/www.cellwater.pt\/cellwater\/es\/wp-json\/wp\/v2\/media?parent=1761"}],"wp:term":[{"taxonomy":"product_brand","embeddable":true,"href":"https:\/\/www.cellwater.pt\/cellwater\/es\/wp-json\/wp\/v2\/product_brand?post=1761"},{"taxonomy":"product_cat","embeddable":true,"href":"https:\/\/www.cellwater.pt\/cellwater\/es\/wp-json\/wp\/v2\/product_cat?post=1761"},{"taxonomy":"product_tag","embeddable":true,"href":"https:\/\/www.cellwater.pt\/cellwater\/es\/wp-json\/wp\/v2\/product_tag?post=1761"}],"curies":[{"name":"wp","href":"https:\/\/api.w.org\/{rel}","templated":true}]}}