{"id":1303,"date":"2016-04-01T20:19:22","date_gmt":"2016-04-01T20:19:22","guid":{"rendered":"http:\/\/cellwaterv2.cellwater.pt\/?post_type=product&#038;p=1303"},"modified":"2017-07-13T03:06:37","modified_gmt":"2017-07-13T03:06:37","slug":"cellalga-btr-2","status":"publish","type":"product","link":"https:\/\/www.cellwater.pt\/cellwater\/es\/produto\/cellalga-btr-2\/","title":{"rendered":"CELLALGA BTR"},"content":{"rendered":"<div>\n<p>O <strong>Cellalga BTR<\/strong> \u00e9 um biocida especialmente recomendado para inibir a forma\u00e7\u00e3o e crescimento de algas, bact\u00e9rias e fungos, que t\u00eam tend\u00eancia a desenvolver-se nas \u00e1guas dos sistemas de refrigera\u00e7\u00e3o, fontes e piscinas. \u00c9 altamente eficaz na inibi\u00e7\u00e3o do desenvolvimento de bact\u00e9rias anaer\u00f3bicas corrosivas, bem como de bact\u00e9rias nitrificantes.<\/p>\n<p>Dispon\u00edvel em embalagens de 5 e 25 Lt.<\/p>\n<\/div>\n","protected":false},"excerpt":{"rendered":"<div><strong>Biocida para sistemas de refrigera\u00e7\u00e3o, fontes e piscinas<\/strong><\/div>\n","protected":false},"featured_media":1984,"comment_status":"closed","ping_status":"closed","template":"","meta":[],"product_brand":[],"product_cat":[57,51],"product_tag":[],"class_list":{"0":"post-1303","1":"product","2":"type-product","3":"status-publish","4":"has-post-thumbnail","6":"product_cat-caldeiras-e-t-de-refrigeracao","7":"product_cat-tratamento-de-aguas","9":"first","10":"instock","11":"downloadable","12":"shipping-taxable","13":"product-type-simple"},"_links":{"self":[{"href":"https:\/\/www.cellwater.pt\/cellwater\/es\/wp-json\/wp\/v2\/product\/1303","targetHints":{"allow":["GET"]}}],"collection":[{"href":"https:\/\/www.cellwater.pt\/cellwater\/es\/wp-json\/wp\/v2\/product"}],"about":[{"href":"https:\/\/www.cellwater.pt\/cellwater\/es\/wp-json\/wp\/v2\/types\/product"}],"replies":[{"embeddable":true,"href":"https:\/\/www.cellwater.pt\/cellwater\/es\/wp-json\/wp\/v2\/comments?post=1303"}],"wp:featuredmedia":[{"embeddable":true,"href":"https:\/\/www.cellwater.pt\/cellwater\/es\/wp-json\/wp\/v2\/media\/1984"}],"wp:attachment":[{"href":"https:\/\/www.cellwater.pt\/cellwater\/es\/wp-json\/wp\/v2\/media?parent=1303"}],"wp:term":[{"taxonomy":"product_brand","embeddable":true,"href":"https:\/\/www.cellwater.pt\/cellwater\/es\/wp-json\/wp\/v2\/product_brand?post=1303"},{"taxonomy":"product_cat","embeddable":true,"href":"https:\/\/www.cellwater.pt\/cellwater\/es\/wp-json\/wp\/v2\/product_cat?post=1303"},{"taxonomy":"product_tag","embeddable":true,"href":"https:\/\/www.cellwater.pt\/cellwater\/es\/wp-json\/wp\/v2\/product_tag?post=1303"}],"curies":[{"name":"wp","href":"https:\/\/api.w.org\/{rel}","templated":true}]}}