{"id":1272,"date":"2016-04-01T17:31:51","date_gmt":"2016-04-01T17:31:51","guid":{"rendered":"http:\/\/cellwaterv2.cellwater.pt\/?post_type=product&#038;p=1272"},"modified":"2018-02-21T17:40:05","modified_gmt":"2018-02-21T17:40:05","slug":"cell-pkl","status":"publish","type":"product","link":"https:\/\/www.cellwater.pt\/cellwater\/es\/produto\/cell-pkl\/","title":{"rendered":"CELL PKL"},"content":{"rendered":"<p>O <strong>CELL PKL<\/strong>\u00a0es un producto l\u00edquido de la l\u00ednea bioline, contiene una gran variedad de microorganismos de alto rendimiento que act\u00faan en la degradaci\u00f3n de la materia org\u00e1nica de origen animal. Permite reducir el tiempo y el coste del tratamiento as\u00ed como el CQO, CBO y los olores caracter\u00edsticos.<\/p>","protected":false},"excerpt":{"rendered":"<p><strong>Degradaci\u00f3n de materia org\u00e1nica animal<\/strong><\/p>\n","protected":false},"featured_media":1994,"comment_status":"closed","ping_status":"closed","template":"","meta":[],"product_brand":[],"product_cat":[55,51],"product_tag":[],"class_list":{"0":"post-1272","1":"product","2":"type-product","3":"status-publish","4":"has-post-thumbnail","6":"product_cat-bioenzimaticos","7":"product_cat-tratamento-de-aguas","9":"first","10":"instock","11":"downloadable","12":"shipping-taxable","13":"product-type-simple"},"_links":{"self":[{"href":"https:\/\/www.cellwater.pt\/cellwater\/es\/wp-json\/wp\/v2\/product\/1272","targetHints":{"allow":["GET"]}}],"collection":[{"href":"https:\/\/www.cellwater.pt\/cellwater\/es\/wp-json\/wp\/v2\/product"}],"about":[{"href":"https:\/\/www.cellwater.pt\/cellwater\/es\/wp-json\/wp\/v2\/types\/product"}],"replies":[{"embeddable":true,"href":"https:\/\/www.cellwater.pt\/cellwater\/es\/wp-json\/wp\/v2\/comments?post=1272"}],"wp:featuredmedia":[{"embeddable":true,"href":"https:\/\/www.cellwater.pt\/cellwater\/es\/wp-json\/wp\/v2\/media\/1994"}],"wp:attachment":[{"href":"https:\/\/www.cellwater.pt\/cellwater\/es\/wp-json\/wp\/v2\/media?parent=1272"}],"wp:term":[{"taxonomy":"product_brand","embeddable":true,"href":"https:\/\/www.cellwater.pt\/cellwater\/es\/wp-json\/wp\/v2\/product_brand?post=1272"},{"taxonomy":"product_cat","embeddable":true,"href":"https:\/\/www.cellwater.pt\/cellwater\/es\/wp-json\/wp\/v2\/product_cat?post=1272"},{"taxonomy":"product_tag","embeddable":true,"href":"https:\/\/www.cellwater.pt\/cellwater\/es\/wp-json\/wp\/v2\/product_tag?post=1272"}],"curies":[{"name":"wp","href":"https:\/\/api.w.org\/{rel}","templated":true}]}}