{"id":2123,"date":"2017-11-29T11:24:04","date_gmt":"2017-11-29T11:24:04","guid":{"rendered":"http:\/\/cellwaterv2.cellwater.pt\/?page_id=2123"},"modified":"2022-07-26T09:59:15","modified_gmt":"2022-07-26T09:59:15","slug":"cellwater-internacionalizacao","status":"publish","type":"page","link":"https:\/\/www.cellwater.pt\/cellwater\/es\/cellwater-internacionalizacao\/","title":{"rendered":"Cellwater &#8211; Internacionalizaci\u00f3n"},"content":{"rendered":"<section class=\"wpb-content-wrapper\"><p>[vc_row][vc_column width=\u00bb1\/1&#8243;]<div class=\"single_image wpb_content_element align-left    \" data-animation=\"none\" data-delay=\"0\"><img loading=\"lazy\" decoding=\"async\" width=\"2356\" height=\"190\" src=\"https:\/\/www.cellwater.pt\/cellwater\/wp-content\/uploads\/2017\/11\/Lisboa2020_RGB_1.png\" class=\"attachment-full\" alt=\"\" title=\"Lisboa2020_RGB_1\" srcset=\"https:\/\/www.cellwater.pt\/cellwater\/wp-content\/uploads\/2017\/11\/Lisboa2020_RGB_1.png 2356w, https:\/\/www.cellwater.pt\/cellwater\/wp-content\/uploads\/2017\/11\/Lisboa2020_RGB_1-300x24.png 300w, https:\/\/www.cellwater.pt\/cellwater\/wp-content\/uploads\/2017\/11\/Lisboa2020_RGB_1-150x12.png 150w, https:\/\/www.cellwater.pt\/cellwater\/wp-content\/uploads\/2017\/11\/Lisboa2020_RGB_1-1024x83.png 1024w\" sizes=\"auto, (max-width: 2356px) 100vw, 2356px\" \/><\/div>[vc_column_text]<strong>Sistema de incentivos para la calificaci\u00f3n y internacionalizaci\u00f3n de las PME \u2013 Proyectos Individuales.<\/strong><\/p>\n<p>Designaci\u00f3n del proyecto | CELLWATER 2017-2019: Plan Estrat\u00e9gico de Calificaci\u00f3n, Capacitaci\u00f3n y Internacionalizaci\u00f3n<\/p>\n<p>C\u00f3digo del proyecto | LISBOA-02-0752-FEDER-027746<\/p>\n<p>Objetivo principal \u2013 Reforzar la competitividad de las PME<\/p>\n<p>Tipolog\u00eda de Intervenci\u00f3n | Internacionalizaci\u00f3n de las PME<\/p>\n<p>Regi\u00f3n de intervenci\u00f3n | Lisboa<\/p>\n<p>Entidad beneficiaria | CELLWATER \u2013 Produtos Qu\u00edmicos para a Ind\u00fastria, Unipessoal Lda.<\/p>\n<p>Fecha de aprobaci\u00f3n | 13\/11\/2017<\/p>\n<p>Fecha de inicio | 07\/01\/2017<\/p>\n<p>Fecha de finalizaci\u00f3n | 06\/30\/2020<\/p>\n<p>Coste total subvencionable | 158.603,80 EUR<\/p>\n<p>Ayuda financiera de la Uni\u00f3n Europea | FEDER \u2013 63.441,52 EUR<\/p>\n<p><strong><em>\u00a0<\/em><\/strong><\/p>\n<p><strong><em>Objetivos, actividades y resultados<\/em><\/strong><\/p>\n<p>El proyecto se deriva de una apuesta en dominios inmateriales de competitividad, dando cuerpo a la sostenibilidad de una estrategia de desarrollo competitivo y de crecimiento en el mercado global, apoyada en la calificaci\u00f3n, en la capacitaci\u00f3n comercial y en el conocimiento e internacionalizaci\u00f3n de CELLWATER.<\/p>\n<p>La implementaci\u00f3n de la candidatura al SI Internacionalizaci\u00f3n tiene como objetivo la concreci\u00f3n de algunos objetivos estrat\u00e9gicos, en particular:<\/p>\n<ul>\n<li>Afinar procesos y eficiencias en el consumo de materia prima, de energ\u00eda y de recursos, demostrando la calidad y eficacia de sus productos, observando y cumpliendo los plazos de entrega, especificaciones y exigencias de los clientes;<\/li>\n<li>Construir una reputaci\u00f3n internacional en el suministro de soluciones adaptadas de forma innovadora, a las necesidades de los clientes, en los aspectos qu\u00edmicos, medioambientales y de servicios;<\/li>\n<li>Asegurar un aumento gradual de la calidad de los productos y su continua innovaci\u00f3n mediante la integraci\u00f3n de las capacidades de ingenier\u00eda y\u00a0<em>know-how<\/em>;<\/li>\n<li>Emprender acciones de calificaci\u00f3n de las capacidades de organizaci\u00f3n y gesti\u00f3n en \u00e1mbitos inmateriales de competitividad que permitan hacer a CELLWATER competitiva y disponer de capacidad de respuesta en el mercado global;<\/li>\n<li>Desarrollar un modelo empresarial y procesos de calificaci\u00f3n en diferentes dominios de competitividad que permitan crear una fuerte base y capacidad exportadora que d\u00e9 cuerpo a la estrategia de direccionamiento de la actividad para el mercado externo.<\/li>\n<\/ul>\n<p>En este sentido se adoptar\u00e1 una estrategia de diversificaci\u00f3n, es decir, penetrar nuevos mercados con una amplia gama de productos disponibles.<\/p>\n<p>La estrategia de internacionalizaci\u00f3n delineada por CELLWATER pasa, as\u00ed, por la apuesta en medios eficaces de promoci\u00f3n y marketing internacional, prospecci\u00f3n y presencia en mercados internacionales con nuevos e innovadores enfoques promocionales de comunicaci\u00f3n de la marca para un mayor desempe\u00f1o competitivo, con instrumentos de direcci\u00f3n y expansi\u00f3n de la actuaci\u00f3n comercial en los mercados internacionales.<\/p>\n<p>Las intenciones de inversi\u00f3n definidas permitir\u00e1n la internacionalizaci\u00f3n de CELLWATER para asegurar ganancias m\u00e1s r\u00e1pidas en t\u00e9rminos de una mayor orientaci\u00f3n para el mercado global, m\u00e1s espec\u00edficamente para los nuevos segmentos y mercados externos objetivo, tal como se define en su estrategia de direcci\u00f3n de crecimiento en el mercado, a trav\u00e9s de la apuesta en importantes innovaciones de producto y proceso, estas encuadradas en oportunidades identificadas con elevado potencial en el mercado global, y que sustentan la presente estrategia de internacionalizaci\u00f3n.<\/p>\n<p>Las tipolog\u00edas de acciones previstas en el proyecto son las siguientes:<\/p>\n<ul>\n<li>Conocimiento de mercados externos (Ferias \/ Exposiciones), a trav\u00e9s de la participaci\u00f3n de CELLWATER en determinados mercados de referencia para el sector objetivo con stand propio, permitiendo aumentar su visibilidad y crear oportunidades de contacto con los principales interlocutores, como potenciales clientes, proveedores y dem\u00e1s jugadores del mercado, posibilitando la participaci\u00f3n en importantes eventos paralelos que permitan evaluar el mercado y crear redes de distribuci\u00f3n a nivel internacional. En este sentido, se encuentran previstas las participaciones en los siguientes certamen internacionales: EXPOQUIMIA 2017 (Espa\u00f1a, Barcelona), FIC Feria Internacional de Cabo Verde (Cabo Verde, Mindelo), Pollutec Maroc (Marruecos, Casablanca), SMAgua (Espa\u00f1a, Zaragoza) entre otra;<\/li>\n<li>Presencia en la web, a trav\u00e9s de la econom\u00eda digital, a trav\u00e9s de la promoci\u00f3n de la oferta de CELLWATER en un sitio web propio, con el cual divulgar\u00e1 su oferta de marca propia;<\/li>\n<li>Prospecci\u00f3n y presencia en mercados internacionales (Prospecci\u00f3n y captaci\u00f3n de nuevos clientes), a trav\u00e9s de los viajes y misiones de prospecci\u00f3n y captaci\u00f3n de nuevos clientes, que privilegian el contacto directo con la demanda internacional, con vistas a la presentaci\u00f3n y divulgaci\u00f3n de CELLWATER y de sus productos a los potenciales clientes, permitiendo recaudar pedidos y concretar ventas para los mercados objetivo seleccionados, en particular Espa\u00f1a, Marruecos, Angola, Cabo Verde, Ghana y Mozambique;<\/li>\n<li>Marketing internacional, a trav\u00e9s de acciones dirigidas al mercado externo, tales como la concepci\u00f3n y desarrollo de cat\u00e1logos \/ flyers f\u00edsicos para ferias internacionales y digitales \/ virtuales, que actuar\u00e1n en estrecha alineaci\u00f3n con las acciones de conocimiento de mercados externos, de desarrollo y promoci\u00f3n internacional de CELLWATER y de la perspectiva y presencia en los mercados objetivo seleccionados, as\u00ed como la concepci\u00f3n y el desarrollo de contenidos audiovisuales para promoci\u00f3n internacional.<\/li>\n<li>Introducci\u00f3n de un nuevo m\u00e9todo de organizaci\u00f3n en las pr\u00e1cticas comerciales, a trav\u00e9s de la realizaci\u00f3n del Estudio de Viabilidad Econ\u00f3mica y Financiera y An\u00e1lisis Estrat\u00e9gico del Proyecto de inversi\u00f3n, as\u00ed como la contrataci\u00f3n de un t\u00e9cnico altamente calificado para desempe\u00f1ar funciones en el \u00e1rea Comercial \/ Marketing. Adicionalmente, la Empresa pretende adquirir equipo inform\u00e1tico y software de soporte a la actividad comercial \/ comercial en cuesti\u00f3n.<\/li>\n<\/ul>\n<p>Con el proyecto de Internacionalizaci\u00f3n, CELLWATER pretende alcanzar un Volumen de Negocios Internacional con un peso del 21,23% del Volumen de Negocios total.[\/vc_column_text][\/vc_column][\/vc_row]<\/p>\n<\/section>","protected":false},"excerpt":{"rendered":"<p>[vc_row][vc_column width=\u00bb1\/1&#8243;][vc_column_text]Sistema de incentivos para la calificaci\u00f3n y internacionalizaci\u00f3n de las PME \u2013 Proyectos Individuales. Designaci\u00f3n del proyecto | CELLWATER 2017-2019: Plan Estrat\u00e9gico de Calificaci\u00f3n, Capacitaci\u00f3n y Internacionalizaci\u00f3n C\u00f3digo del proyecto | LISBOA-02-0752-FEDER-027746 Objetivo principal \u2013 Reforzar la competitividad de las PME Tipolog\u00eda de Intervenci\u00f3n | Internacionalizaci\u00f3n de las PME Regi\u00f3n de intervenci\u00f3n | Lisboa Entidad beneficiaria | CELLWATER \u2013 Produtos Qu\u00edmicos para a Ind\u00fastria, Unipessoal Lda. Fecha de aprobaci\u00f3n | 13\/11\/2017 Fecha de inicio | 07\/01\/2017 Fecha de finalizaci\u00f3n | 06\/30\/2020 Coste total subvencionable | 158.603,80 EUR Ayuda financiera de la Uni\u00f3n Europea | FEDER \u2013 63.441,52 EUR \u00a0 Objetivos, actividades y resultados El proyecto se deriva de una apuesta en dominios inmateriales de competitividad, dando cuerpo a la sostenibilidad de una estrategia de desarrollo competitivo y de crecimiento en el mercado global, apoyada en la calificaci\u00f3n, en la capacitaci\u00f3n comercial y en el conocimiento e internacionalizaci\u00f3n de CELLWATER. La implementaci\u00f3n de la candidatura al SI Internacionalizaci\u00f3n tiene como objetivo la concreci\u00f3n de algunos objetivos estrat\u00e9gicos, en particular: Afinar procesos y eficiencias en el consumo de materia prima, de energ\u00eda y de recursos, demostrando la calidad y eficacia de sus productos, observando y cumpliendo los plazos de entrega, especificaciones [&hellip;]<\/p>\n","protected":false},"author":1,"featured_media":0,"parent":0,"menu_order":0,"comment_status":"closed","ping_status":"closed","template":"","meta":{"footnotes":""},"class_list":["post-2123","page","type-page","status-publish","hentry"],"_links":{"self":[{"href":"https:\/\/www.cellwater.pt\/cellwater\/es\/wp-json\/wp\/v2\/pages\/2123","targetHints":{"allow":["GET"]}}],"collection":[{"href":"https:\/\/www.cellwater.pt\/cellwater\/es\/wp-json\/wp\/v2\/pages"}],"about":[{"href":"https:\/\/www.cellwater.pt\/cellwater\/es\/wp-json\/wp\/v2\/types\/page"}],"author":[{"embeddable":true,"href":"https:\/\/www.cellwater.pt\/cellwater\/es\/wp-json\/wp\/v2\/users\/1"}],"replies":[{"embeddable":true,"href":"https:\/\/www.cellwater.pt\/cellwater\/es\/wp-json\/wp\/v2\/comments?post=2123"}],"version-history":[{"count":18,"href":"https:\/\/www.cellwater.pt\/cellwater\/es\/wp-json\/wp\/v2\/pages\/2123\/revisions"}],"predecessor-version":[{"id":82832,"href":"https:\/\/www.cellwater.pt\/cellwater\/es\/wp-json\/wp\/v2\/pages\/2123\/revisions\/82832"}],"wp:attachment":[{"href":"https:\/\/www.cellwater.pt\/cellwater\/es\/wp-json\/wp\/v2\/media?parent=2123"}],"curies":[{"name":"wp","href":"https:\/\/api.w.org\/{rel}","templated":true}]}}