{"id":1119,"date":"2016-03-18T18:00:40","date_gmt":"2016-03-18T18:00:40","guid":{"rendered":"http:\/\/cellwaterv2.cellwater.pt\/?page_id=1119"},"modified":"2022-12-19T00:08:46","modified_gmt":"2022-12-19T00:08:46","slug":"servicos","status":"publish","type":"page","link":"https:\/\/www.cellwater.pt\/cellwater\/es\/servicos\/","title":{"rendered":"Servicios"},"content":{"rendered":"<section class=\"wpb-content-wrapper\"><p>[vc_row][vc_column width=\u00bb1\/1&#8243;]<div class=\"spacer\" style=\"height: 10px;\"><\/div>\n\t\t\t<!-- START Servi\u00e7os REVOLUTION SLIDER 6.6.13 --><p class=\"rs-p-wp-fix\"><\/p>\n\t\t\t<rs-module-wrap id=\"rev_slider_3_2_wrapper\" data-source=\"gallery\" data-aimg=\"\"  style=\"visibility:hidden;background:#E9E9E9;padding:0;margin:0px auto;margin-top:0;margin-bottom:0;\">\n\t\t\t\t<rs-module id=\"rev_slider_3_2\" style=\"\" data-version=\"6.6.13\">\n\t\t\t\t\t<rs-slides style=\"overflow: hidden; position: absolute;\">\n\t\t\t\t\t\t<rs-slide style=\"position: absolute;\" data-key=\"rs-13\" data-title=\"Slide\" data-anim=\"p:dark;f:nodelay;\" data-in=\"prst:rndany;x:(100%);m:true;col:5;\">\n\t\t\t\t\t\t\t<img decoding=\"async\" src=\"\/\/www.cellwater.pt\/cellwater\/wp-content\/plugins\/revslider\/public\/assets\/assets\/dummy.png\" alt=\"\" title=\"etar\" width=\"940\" height=\"200\" class=\"rev-slidebg tp-rs-img rs-lazyload\" data-lazyload=\"\/\/www.cellwater.pt\/cellwater\/wp-content\/uploads\/2016\/08\/etar.jpg\" data-no-retina>\n<!---->\t\t\t\t\t\t<\/rs-slide>\n\t\t\t\t\t\t<rs-slide style=\"position: absolute;\" data-key=\"rs-14\" data-title=\"Slide\" data-anim=\"adpr:false;\" data-in=\"o:0;\" data-out=\"a:false;\">\n\t\t\t\t\t\t\t<img decoding=\"async\" src=\"\/\/www.cellwater.pt\/cellwater\/wp-content\/plugins\/revslider\/public\/assets\/assets\/dummy.png\" alt=\"\" title=\"caldeira\" width=\"940\" height=\"200\" class=\"rev-slidebg tp-rs-img rs-lazyload\" data-lazyload=\"\/\/www.cellwater.pt\/cellwater\/wp-content\/uploads\/2016\/08\/caldeira.jpg\" data-no-retina>\n<!---->\t\t\t\t\t\t<\/rs-slide>\n\t\t\t\t\t\t<rs-slide style=\"position: absolute;\" data-key=\"rs-15\" data-title=\"Slide\" data-anim=\"adpr:false;\" data-in=\"o:0;\" data-out=\"a:false;\">\n\t\t\t\t\t\t\t<img decoding=\"async\" src=\"\/\/www.cellwater.pt\/cellwater\/wp-content\/plugins\/revslider\/public\/assets\/assets\/dummy.png\" alt=\"\" title=\"refrigeracao\" width=\"940\" height=\"200\" class=\"rev-slidebg tp-rs-img rs-lazyload\" data-lazyload=\"\/\/www.cellwater.pt\/cellwater\/wp-content\/uploads\/2016\/08\/refrigeracao.jpg\" data-no-retina>\n<!---->\t\t\t\t\t\t<\/rs-slide>\n\t\t\t\t\t\t<rs-slide style=\"position: absolute;\" data-key=\"rs-16\" data-title=\"Slide\" data-anim=\"adpr:false;\" data-in=\"o:0;\" data-out=\"a:false;\">\n\t\t\t\t\t\t\t<img decoding=\"async\" src=\"\/\/www.cellwater.pt\/cellwater\/wp-content\/plugins\/revslider\/public\/assets\/assets\/dummy.png\" alt=\"\" title=\"osmose_inversa\" width=\"940\" height=\"200\" class=\"rev-slidebg tp-rs-img rs-lazyload\" data-lazyload=\"\/\/www.cellwater.pt\/cellwater\/wp-content\/uploads\/2016\/08\/osmose_inversa.jpg\" data-no-retina>\n<!---->\t\t\t\t\t\t<\/rs-slide>\n\t\t\t\t\t\t<rs-slide style=\"position: absolute;\" data-key=\"rs-17\" data-title=\"Slide\" data-anim=\"adpr:false;\" data-in=\"o:0;\" data-out=\"a:false;\">\n\t\t\t\t\t\t\t<img decoding=\"async\" src=\"\/\/www.cellwater.pt\/cellwater\/wp-content\/plugins\/revslider\/public\/assets\/assets\/dummy.png\" alt=\"\" title=\"piscinas\" width=\"940\" height=\"200\" class=\"rev-slidebg tp-rs-img rs-lazyload\" data-lazyload=\"\/\/www.cellwater.pt\/cellwater\/wp-content\/uploads\/2016\/08\/piscinas.jpg\" data-no-retina>\n<!---->\t\t\t\t\t\t<\/rs-slide>\n\t\t\t\t\t\t<rs-slide style=\"position: absolute;\" data-key=\"rs-18\" data-title=\"Slide\" data-anim=\"adpr:false;\" data-in=\"o:0;\" data-out=\"a:false;\">\n\t\t\t\t\t\t\t<img decoding=\"async\" src=\"\/\/www.cellwater.pt\/cellwater\/wp-content\/plugins\/revslider\/public\/assets\/assets\/dummy.png\" alt=\"\" title=\"lagos\" width=\"940\" height=\"200\" class=\"rev-slidebg tp-rs-img rs-lazyload\" data-lazyload=\"\/\/www.cellwater.pt\/cellwater\/wp-content\/uploads\/2016\/08\/lagos.jpg\" data-no-retina>\n<!---->\t\t\t\t\t\t<\/rs-slide>\n\t\t\t\t\t<\/rs-slides>\n\t\t\t\t<\/rs-module>\n\t\t\t\t<script>\n\t\t\t\t\tsetREVStartSize({c: 'rev_slider_3_2',rl:[1240,1024,778,480],el:[200],gw:[940],gh:[200],type:'standard',justify:'',layout:'fullwidth',mh:\"0\"});if (window.RS_MODULES!==undefined && window.RS_MODULES.modules!==undefined && window.RS_MODULES.modules[\"revslider32\"]!==undefined) {window.RS_MODULES.modules[\"revslider32\"].once = false;window.revapi3_2 = undefined;if (window.RS_MODULES.checkMinimal!==undefined) window.RS_MODULES.checkMinimal()}\n\t\t\t\t<\/script>\n\t\t\t<\/rs-module-wrap>\n\t\t\t<!-- END REVOLUTION SLIDER -->\n<div class=\"spacer\" style=\"height: 40px;\"><\/div>[\/vc_column][\/vc_row][vc_row][vc_column][vc_column_text css_animation=\u00bbfadeIn\u00bb]Cellwater dispone de t\u00e9cnicos altamente cualificados y experimentados, ofreciendo as\u00ed a todos los clientes que necesiten, un asesoramiento y seguimiento en la implementaci\u00f3n de soluciones, garantizando as\u00ed los resultados deseados.<\/p>\n<p>Cellwater ofrece a sus clientes un servicio integrado para el tratamiento de aguas, con productos qu\u00edmicos y equipos adecuados, permitiendo alcanzar las mejores soluciones en las distintas vertientes, tales como:<br \/>\n\u2022 \u00a0\u00a0 Tratamiento de Efluentes (EDAR\u2019s, EDARi\u2019s, elevaciones)<br \/>\n\u2022\u00a0\u00a0 \u00a0Calderas<br \/>\n\u2022 \u00a0\u00a0 Torres de refrigeraci\u00f3n<br \/>\n\u2022\u00a0\u00a0 \u00a0Osmosis inversa<br \/>\n\u2022\u00a0\u00a0 \u00a0Piscinas<br \/>\n\u2022\u00a0\u00a0 \u00a0Lagos ornamentales[\/vc_column_text]<div class=\"spacer\" style=\"height: 10px;\"><\/div>[\/vc_column][\/vc_row][vc_row bg_color=\u00bb#efefef\u00bb][vc_column width=\u00bb2\/3&#8243;]<div class=\"spacer\" style=\"height: 10px;\"><\/div><div class=\"divider-title align-left\" >Folletos de produtos<\/div>[vc_column_text css_animation=\u00bbbounceInLeft\u00bb]<\/p>\n<p style=\"text-align: left;\">Consulte nuestros folletos y conozca todas nuestras soluciones para cada \u00e1rea de negocio. Sabemos que tenemos la soluci\u00f3n correcta para usted.<\/p>\n<p>Para recibir uno o m\u00e1s cat\u00e1logos en formato de papel solicite\u00a0<a href=\"https:\/\/www.cellwater.pt\/cellwater\/pedido-de-catalogos\/\">aqu\u00ed<\/a>.<\/p>\n<p>[\/vc_column_text]<a href=\"https:\/\/www.cellwater.pt\/cellwater\/brochuras\/\" target=\"_self\" class=\"button blue medium \" style=\"border-radius: 2px;\">DESCARGUE AQU\u00cd NUESTRO FOLLETO<\/a>[\/vc_column][vc_column width=\u00bb1\/3&#8243;]<div class=\"spacer\" style=\"height: 10px;\"><\/div><div class=\"divider-title align-left\" >Contacte-nos<\/div>[vc_column_text css_animation=\u00bbbounceInRight\u00bb]Solicite ya nuestro contacto. Con la experiencia adquirida junto a nuestros conocimientos t\u00e9cnicos, sabemos que disponemos de las mejores soluciones obteniendo as\u00ed mejores resultados.<\/p>\n<p>[\/vc_column_text]<a href=\"https:\/\/www.cellwater.pt\/cellwater\/contactos\/\" target=\"_self\" class=\"button blue medium \" style=\"border-radius: 2px;\">SOLICITAR CONTACTO<\/a><div class=\"spacer\" style=\"height: 10px;\"><\/div>[\/vc_column][\/vc_row][vc_row][vc_column width=\u00bb1\/1&#8243;]<div class=\"spacer\" style=\"height: 40px;\"><\/div><div class=\"divider-title align-left\" >Clientes<\/div>[vc_column_text css_animation=\u00bbbounceInLeft\u00bb]<strong>Cellwater<\/strong>\u00a0se enorgulle de tener como clientes a grandes nombres en el mercado nacional, tales como: The Navigator Company, AdP \u2013 \u00c1guas de Portugal, Manvia (Grupo Mota-Engil), Lena Ambiente, Sis\u00e1qua, TecnoSpie, Grupo Investwood (IFM e Valbopan), Europac, F\u00e1brica de Papel e Cart\u00e3o da Zarrinha, Cartonarte, Copidata, Fapricela, Sifucel, Agra\u00e7or, Ambimed, Celtejo (Grupo Altri), etc\u2026[\/vc_column_text][vc_column_text css_animation=\u00bbbounceInRight\u00bb]<span class=\"tooltips\"><a href=\"#\" title=\"The Navigator Company\" onclick=\"return false\"><a href=\"https:\/\/www.cellwater.pt\/cellwater\/wp-content\/uploads\/2016\/07\/navigator_logo.png\"><img loading=\"lazy\" decoding=\"async\" class=\"size-full wp-image-1589 aligncenter\" src=\"https:\/\/www.cellwater.pt\/cellwater\/wp-content\/uploads\/2016\/07\/navigator_logo.png\" alt=\"\" width=\"160\" height=\"76\" srcset=\"https:\/\/www.cellwater.pt\/cellwater\/wp-content\/uploads\/2016\/07\/navigator_logo.png 160w, https:\/\/www.cellwater.pt\/cellwater\/wp-content\/uploads\/2016\/07\/navigator_logo-150x71.png 150w\" sizes=\"auto, (max-width: 160px) 100vw, 160px\" \/><\/a><\/a><\/span>\u00a0 \u00a0 \u00a0<span class=\"tooltips\"><a href=\"#\" title=\"\u00c1gua de Portugal\" onclick=\"return false\"><a href=\"https:\/\/www.cellwater.pt\/cellwater\/wp-content\/uploads\/2013\/01\/adp.fw_.png\"><img loading=\"lazy\" decoding=\"async\" class=\"size-full wp-image-946 aligncenter\" src=\"https:\/\/www.cellwater.pt\/cellwater\/wp-content\/uploads\/2013\/01\/adp.fw_.png\" alt=\"\" width=\"160\" height=\"76\" srcset=\"https:\/\/www.cellwater.pt\/cellwater\/wp-content\/uploads\/2013\/01\/adp.fw_.png 160w, https:\/\/www.cellwater.pt\/cellwater\/wp-content\/uploads\/2013\/01\/adp.fw_-150x71.png 150w\" sizes=\"auto, (max-width: 160px) 100vw, 160px\" \/><\/a><\/a><\/span>\u00a0 \u00a0 \u00a0<span class=\"tooltips\"><a href=\"#\" title=\"Manvia\" onclick=\"return false\"><a href=\"https:\/\/www.cellwater.pt\/cellwater\/wp-content\/uploads\/2013\/01\/manvia.fw_.png\"><img loading=\"lazy\" decoding=\"async\" class=\"size-full wp-image-948 aligncenter\" src=\"https:\/\/www.cellwater.pt\/cellwater\/wp-content\/uploads\/2013\/01\/manvia.fw_.png\" alt=\"\" width=\"160\" height=\"76\" srcset=\"https:\/\/www.cellwater.pt\/cellwater\/wp-content\/uploads\/2013\/01\/manvia.fw_.png 160w, https:\/\/www.cellwater.pt\/cellwater\/wp-content\/uploads\/2013\/01\/manvia.fw_-150x71.png 150w\" sizes=\"auto, (max-width: 160px) 100vw, 160px\" \/><\/a><\/a><\/span>\u00a0 \u00a0 \u00a0 \u00a0<span class=\"tooltips\"><a href=\"#\" title=\"Investwood\" onclick=\"return false\"><a href=\"https:\/\/www.cellwater.pt\/cellwater\/wp-content\/uploads\/2013\/01\/investwood.fw_.png\"><img loading=\"lazy\" decoding=\"async\" class=\"size-full wp-image-949 aligncenter\" src=\"https:\/\/www.cellwater.pt\/cellwater\/wp-content\/uploads\/2013\/01\/investwood.fw_.png\" alt=\"\" width=\"160\" height=\"76\" srcset=\"https:\/\/www.cellwater.pt\/cellwater\/wp-content\/uploads\/2013\/01\/investwood.fw_.png 160w, https:\/\/www.cellwater.pt\/cellwater\/wp-content\/uploads\/2013\/01\/investwood.fw_-150x71.png 150w\" sizes=\"auto, (max-width: 160px) 100vw, 160px\" \/><\/a><\/a><\/span>\u00a0 \u00a0 \u00a0 \u00a0<span class=\"tooltips\"><a href=\"#\" title=\"\u00c1gua de Portugal\" onclick=\"return false\"><a href=\"https:\/\/www.cellwater.pt\/cellwater\/wp-content\/uploads\/2013\/01\/europac.fw_.png\"><img loading=\"lazy\" decoding=\"async\" class=\"size-full wp-image-950 aligncenter\" src=\"https:\/\/www.cellwater.pt\/cellwater\/wp-content\/uploads\/2013\/01\/europac.fw_.png\" alt=\"\" width=\"160\" height=\"76\" srcset=\"https:\/\/www.cellwater.pt\/cellwater\/wp-content\/uploads\/2013\/01\/europac.fw_.png 160w, https:\/\/www.cellwater.pt\/cellwater\/wp-content\/uploads\/2013\/01\/europac.fw_-150x71.png 150w\" sizes=\"auto, (max-width: 160px) 100vw, 160px\" \/><\/a><\/a><\/span>\u00a0 \u00a0 \u00a0 <span class=\"tooltips\"><a href=\"#\" title=\"Manvia\" onclick=\"return false\"><a href=\"https:\/\/www.cellwater.pt\/cellwater\/wp-content\/uploads\/2017\/02\/altri.png\"><img loading=\"lazy\" decoding=\"async\" class=\"size-full wp-image-1856 aligncenter\" src=\"https:\/\/www.cellwater.pt\/cellwater\/wp-content\/uploads\/2017\/02\/altri.png\" alt=\"\" width=\"112\" height=\"76\" \/><\/a><\/a><\/span>[\/vc_column_text]<div class=\"spacer\" style=\"height: 40px;\"><\/div>[\/vc_column][\/vc_row]<\/p>\n<\/section>","protected":false},"excerpt":{"rendered":"<p>[vc_row][vc_column width=\u00bb1\/1&#8243;][\/vc_column][\/vc_row][vc_row][vc_column][vc_column_text css_animation=\u00bbfadeIn\u00bb]Cellwater dispone de t\u00e9cnicos altamente cualificados y experimentados, ofreciendo as\u00ed a todos los clientes que necesiten, un asesoramiento y seguimiento en la implementaci\u00f3n de soluciones, garantizando as\u00ed los resultados deseados. Cellwater ofrece a sus clientes un servicio integrado para el tratamiento de aguas, con productos qu\u00edmicos y equipos adecuados, permitiendo alcanzar las mejores soluciones en las distintas vertientes, tales como: \u2022 \u00a0\u00a0 Tratamiento de Efluentes (EDAR\u2019s, EDARi\u2019s, elevaciones) \u2022\u00a0\u00a0 \u00a0Calderas \u2022 \u00a0\u00a0 Torres de refrigeraci\u00f3n \u2022\u00a0\u00a0 \u00a0Osmosis inversa \u2022\u00a0\u00a0 \u00a0Piscinas \u2022\u00a0\u00a0 \u00a0Lagos ornamentales[\/vc_column_text][\/vc_column][\/vc_row][vc_row bg_color=\u00bb#efefef\u00bb][vc_column width=\u00bb2\/3&#8243;][vc_column_text css_animation=\u00bbbounceInLeft\u00bb] Consulte nuestros folletos y conozca todas nuestras soluciones para cada \u00e1rea de negocio. Sabemos que tenemos la soluci\u00f3n correcta para usted. Para recibir uno o m\u00e1s cat\u00e1logos en formato de papel solicite\u00a0aqu\u00ed. [\/vc_column_text][\/vc_column][vc_column width=\u00bb1\/3&#8243;][vc_column_text css_animation=\u00bbbounceInRight\u00bb]Solicite ya nuestro contacto. Con la experiencia adquirida junto a nuestros conocimientos t\u00e9cnicos, sabemos que disponemos de las mejores soluciones obteniendo as\u00ed mejores resultados. [\/vc_column_text][\/vc_column][\/vc_row][vc_row][vc_column width=\u00bb1\/1&#8243;][vc_column_text css_animation=\u00bbbounceInLeft\u00bb]Cellwater\u00a0se enorgulle de tener como clientes a grandes nombres en el mercado nacional, tales como: The Navigator Company, AdP \u2013 \u00c1guas de Portugal, Manvia (Grupo Mota-Engil), Lena Ambiente, Sis\u00e1qua, TecnoSpie, Grupo Investwood (IFM e Valbopan), Europac, F\u00e1brica de Papel e Cart\u00e3o da Zarrinha, Cartonarte, Copidata, Fapricela, Sifucel, Agra\u00e7or, Ambimed, Celtejo (Grupo Altri), [&hellip;]<\/p>\n","protected":false},"author":1,"featured_media":0,"parent":0,"menu_order":0,"comment_status":"closed","ping_status":"closed","template":"","meta":{"footnotes":""},"class_list":["post-1119","page","type-page","status-publish","hentry"],"_links":{"self":[{"href":"https:\/\/www.cellwater.pt\/cellwater\/es\/wp-json\/wp\/v2\/pages\/1119","targetHints":{"allow":["GET"]}}],"collection":[{"href":"https:\/\/www.cellwater.pt\/cellwater\/es\/wp-json\/wp\/v2\/pages"}],"about":[{"href":"https:\/\/www.cellwater.pt\/cellwater\/es\/wp-json\/wp\/v2\/types\/page"}],"author":[{"embeddable":true,"href":"https:\/\/www.cellwater.pt\/cellwater\/es\/wp-json\/wp\/v2\/users\/1"}],"replies":[{"embeddable":true,"href":"https:\/\/www.cellwater.pt\/cellwater\/es\/wp-json\/wp\/v2\/comments?post=1119"}],"version-history":[{"count":61,"href":"https:\/\/www.cellwater.pt\/cellwater\/es\/wp-json\/wp\/v2\/pages\/1119\/revisions"}],"predecessor-version":[{"id":83190,"href":"https:\/\/www.cellwater.pt\/cellwater\/es\/wp-json\/wp\/v2\/pages\/1119\/revisions\/83190"}],"wp:attachment":[{"href":"https:\/\/www.cellwater.pt\/cellwater\/es\/wp-json\/wp\/v2\/media?parent=1119"}],"curies":[{"name":"wp","href":"https:\/\/api.w.org\/{rel}","templated":true}]}}