{"id":1725,"date":"2017-01-23T11:17:58","date_gmt":"2017-01-23T11:17:58","guid":{"rendered":"http:\/\/cellwaterv2.cellwater.pt\/?post_type=product&#038;p=1725"},"modified":"2017-07-12T21:13:20","modified_gmt":"2017-07-12T21:13:20","slug":"cellaqua-pw","status":"publish","type":"product","link":"https:\/\/www.cellwater.pt\/cellwater\/en\/produto\/cellaqua-pw\/","title":{"rendered":"CELLAQUA PW"},"content":{"rendered":"<p>Previne eficazmente o desenvolvimento de incrusta\u00e7\u00f5es e corros\u00e3o em circuitos de \u00e1gua quente e fria, atrav\u00e9s da estabiliza\u00e7\u00e3o dos constituintes da dureza e pela forma\u00e7\u00e3o de uma pel\u00edcula protetora.<\/p>\n","protected":false},"excerpt":{"rendered":"<p><strong>Controlo de incrusta\u00e7\u00f5es e corros\u00e3o em sistemas de \u00e1gua pot\u00e1vel e de processo<\/strong><\/p>\n","protected":false},"featured_media":1923,"comment_status":"closed","ping_status":"closed","template":"","meta":[],"product_brand":[],"product_cat":[57,51],"product_tag":[],"class_list":{"0":"post-1725","1":"product","2":"type-product","3":"status-publish","4":"has-post-thumbnail","6":"product_cat-caldeiras-e-t-de-refrigeracao","7":"product_cat-tratamento-de-aguas","9":"first","10":"instock","11":"downloadable","12":"shipping-taxable","13":"product-type-simple"},"_links":{"self":[{"href":"https:\/\/www.cellwater.pt\/cellwater\/en\/wp-json\/wp\/v2\/product\/1725","targetHints":{"allow":["GET"]}}],"collection":[{"href":"https:\/\/www.cellwater.pt\/cellwater\/en\/wp-json\/wp\/v2\/product"}],"about":[{"href":"https:\/\/www.cellwater.pt\/cellwater\/en\/wp-json\/wp\/v2\/types\/product"}],"replies":[{"embeddable":true,"href":"https:\/\/www.cellwater.pt\/cellwater\/en\/wp-json\/wp\/v2\/comments?post=1725"}],"wp:featuredmedia":[{"embeddable":true,"href":"https:\/\/www.cellwater.pt\/cellwater\/en\/wp-json\/wp\/v2\/media\/1923"}],"wp:attachment":[{"href":"https:\/\/www.cellwater.pt\/cellwater\/en\/wp-json\/wp\/v2\/media?parent=1725"}],"wp:term":[{"taxonomy":"product_brand","embeddable":true,"href":"https:\/\/www.cellwater.pt\/cellwater\/en\/wp-json\/wp\/v2\/product_brand?post=1725"},{"taxonomy":"product_cat","embeddable":true,"href":"https:\/\/www.cellwater.pt\/cellwater\/en\/wp-json\/wp\/v2\/product_cat?post=1725"},{"taxonomy":"product_tag","embeddable":true,"href":"https:\/\/www.cellwater.pt\/cellwater\/en\/wp-json\/wp\/v2\/product_tag?post=1725"}],"curies":[{"name":"wp","href":"https:\/\/api.w.org\/{rel}","templated":true}]}}