{"id":1300,"date":"2016-04-01T20:12:35","date_gmt":"2016-04-01T20:12:35","guid":{"rendered":"http:\/\/cellwaterv2.cellwater.pt\/?post_type=product&#038;p=1300"},"modified":"2017-07-13T03:07:24","modified_gmt":"2017-07-13T03:07:24","slug":"cellosmosis-rc","status":"publish","type":"product","link":"https:\/\/www.cellwater.pt\/cellwater\/en\/produto\/cellosmosis-rc\/","title":{"rendered":"CELLOSMOSIS RC"},"content":{"rendered":"<div>O <strong>CELLOSMOSIS RC<\/strong> \u00e9 um produto formulado especificamente para preservar as membranas dos sistemas de RO, UF ou UV, a fim de prevenir a sua destrui\u00e7\u00e3o, provocada pela ac\u00e7\u00e3o oxidante do cloro. O <strong>CELLOSMOSIS RC<\/strong> reage com o cloro, evitando a entrada deste nas membranas. \u00c9 um bom substituto do carv\u00e3o activado.<\/div>\n","protected":false},"excerpt":{"rendered":"<div>\n<p><strong>Redutor de cloro para Osmose Inversa<\/strong><\/p>\n<\/div>\n","protected":false},"featured_media":1985,"comment_status":"closed","ping_status":"closed","template":"","meta":[],"product_brand":[],"product_cat":[56,51],"product_tag":[],"class_list":{"0":"post-1300","1":"product","2":"type-product","3":"status-publish","4":"has-post-thumbnail","6":"product_cat-osmoses-inversas","7":"product_cat-tratamento-de-aguas","9":"first","10":"instock","11":"downloadable","12":"shipping-taxable","13":"product-type-simple"},"_links":{"self":[{"href":"https:\/\/www.cellwater.pt\/cellwater\/en\/wp-json\/wp\/v2\/product\/1300","targetHints":{"allow":["GET"]}}],"collection":[{"href":"https:\/\/www.cellwater.pt\/cellwater\/en\/wp-json\/wp\/v2\/product"}],"about":[{"href":"https:\/\/www.cellwater.pt\/cellwater\/en\/wp-json\/wp\/v2\/types\/product"}],"replies":[{"embeddable":true,"href":"https:\/\/www.cellwater.pt\/cellwater\/en\/wp-json\/wp\/v2\/comments?post=1300"}],"wp:featuredmedia":[{"embeddable":true,"href":"https:\/\/www.cellwater.pt\/cellwater\/en\/wp-json\/wp\/v2\/media\/1985"}],"wp:attachment":[{"href":"https:\/\/www.cellwater.pt\/cellwater\/en\/wp-json\/wp\/v2\/media?parent=1300"}],"wp:term":[{"taxonomy":"product_brand","embeddable":true,"href":"https:\/\/www.cellwater.pt\/cellwater\/en\/wp-json\/wp\/v2\/product_brand?post=1300"},{"taxonomy":"product_cat","embeddable":true,"href":"https:\/\/www.cellwater.pt\/cellwater\/en\/wp-json\/wp\/v2\/product_cat?post=1300"},{"taxonomy":"product_tag","embeddable":true,"href":"https:\/\/www.cellwater.pt\/cellwater\/en\/wp-json\/wp\/v2\/product_tag?post=1300"}],"curies":[{"name":"wp","href":"https:\/\/api.w.org\/{rel}","templated":true}]}}