{"id":1291,"date":"2016-04-01T20:00:06","date_gmt":"2016-04-01T20:00:06","guid":{"rendered":"http:\/\/cellwaterv2.cellwater.pt\/?post_type=product&#038;p=1291"},"modified":"2024-11-21T09:22:46","modified_gmt":"2024-11-21T09:22:46","slug":"cellosmosis-as40","status":"publish","type":"product","link":"https:\/\/www.cellwater.pt\/cellwater\/en\/produto\/cellosmosis-as40\/","title":{"rendered":"CELLOSMOSIS AS40"},"content":{"rendered":"<div>O <strong>CELLOSMOSIS AS40<\/strong> \u00e9 um excelente antiscalant dispersante de part\u00edculas coloidais (antifouling), que se desenvolvem e acumulam nas membranas dos equipamentos de \u00e1guas industriais, em particular das membranas dos sistemas de osmose inversa.<\/div>\n","protected":false},"excerpt":{"rendered":"<div>\n<p><strong>Antiscalant para Osmose Inversa<\/strong><\/p>\n<\/div>\n","protected":false},"featured_media":1988,"comment_status":"closed","ping_status":"closed","template":"","meta":[],"product_brand":[],"product_cat":[56,51],"product_tag":[],"class_list":{"0":"post-1291","1":"product","2":"type-product","3":"status-publish","4":"has-post-thumbnail","6":"product_cat-osmoses-inversas","7":"product_cat-tratamento-de-aguas","9":"first","10":"instock","11":"downloadable","12":"shipping-taxable","13":"product-type-simple"},"_links":{"self":[{"href":"https:\/\/www.cellwater.pt\/cellwater\/en\/wp-json\/wp\/v2\/product\/1291","targetHints":{"allow":["GET"]}}],"collection":[{"href":"https:\/\/www.cellwater.pt\/cellwater\/en\/wp-json\/wp\/v2\/product"}],"about":[{"href":"https:\/\/www.cellwater.pt\/cellwater\/en\/wp-json\/wp\/v2\/types\/product"}],"replies":[{"embeddable":true,"href":"https:\/\/www.cellwater.pt\/cellwater\/en\/wp-json\/wp\/v2\/comments?post=1291"}],"wp:featuredmedia":[{"embeddable":true,"href":"https:\/\/www.cellwater.pt\/cellwater\/en\/wp-json\/wp\/v2\/media\/1988"}],"wp:attachment":[{"href":"https:\/\/www.cellwater.pt\/cellwater\/en\/wp-json\/wp\/v2\/media?parent=1291"}],"wp:term":[{"taxonomy":"product_brand","embeddable":true,"href":"https:\/\/www.cellwater.pt\/cellwater\/en\/wp-json\/wp\/v2\/product_brand?post=1291"},{"taxonomy":"product_cat","embeddable":true,"href":"https:\/\/www.cellwater.pt\/cellwater\/en\/wp-json\/wp\/v2\/product_cat?post=1291"},{"taxonomy":"product_tag","embeddable":true,"href":"https:\/\/www.cellwater.pt\/cellwater\/en\/wp-json\/wp\/v2\/product_tag?post=1291"}],"curies":[{"name":"wp","href":"https:\/\/api.w.org\/{rel}","templated":true}]}}