{"id":1224,"date":"2016-04-01T16:29:09","date_gmt":"2016-04-01T16:29:09","guid":{"rendered":"http:\/\/cellwaterv2.cellwater.pt\/?post_type=product&#038;p=1224"},"modified":"2017-08-20T23:44:05","modified_gmt":"2017-08-20T23:44:05","slug":"cellacid-ls","status":"publish","type":"product","link":"https:\/\/www.cellwater.pt\/cellwater\/en\/produto\/cellacid-ls\/","title":{"rendered":"CELLACID LS"},"content":{"rendered":"<p>O <strong>CELLACID LS<\/strong> \u00e9 um corrector de pH na forma l\u00edquida, a adicionar \u00e0 \u00e1gua da piscina, sempre que o pH desta se encontrar com valores superiores a 7,6.<\/p>\n<p>O <strong>CELLACID LS<\/strong> \u00e9 um produto especialmente formulado para dosear em \u00e1guas de piscinas, que disponham de equipamento autom\u00e1tico de regula\u00e7\u00e3o e controlo de pH.<\/p>\n","protected":false},"excerpt":{"rendered":"<p><strong>Minorador de pH l\u00edquido<\/strong><\/p>\n","protected":false},"featured_media":2048,"comment_status":"closed","ping_status":"closed","template":"","meta":[],"product_brand":[],"product_cat":[53,51],"product_tag":[],"class_list":{"0":"post-1224","1":"product","2":"type-product","3":"status-publish","4":"has-post-thumbnail","6":"product_cat-piscinas","7":"product_cat-tratamento-de-aguas","9":"first","10":"instock","11":"downloadable","12":"shipping-taxable","13":"product-type-simple"},"_links":{"self":[{"href":"https:\/\/www.cellwater.pt\/cellwater\/en\/wp-json\/wp\/v2\/product\/1224","targetHints":{"allow":["GET"]}}],"collection":[{"href":"https:\/\/www.cellwater.pt\/cellwater\/en\/wp-json\/wp\/v2\/product"}],"about":[{"href":"https:\/\/www.cellwater.pt\/cellwater\/en\/wp-json\/wp\/v2\/types\/product"}],"replies":[{"embeddable":true,"href":"https:\/\/www.cellwater.pt\/cellwater\/en\/wp-json\/wp\/v2\/comments?post=1224"}],"wp:featuredmedia":[{"embeddable":true,"href":"https:\/\/www.cellwater.pt\/cellwater\/en\/wp-json\/wp\/v2\/media\/2048"}],"wp:attachment":[{"href":"https:\/\/www.cellwater.pt\/cellwater\/en\/wp-json\/wp\/v2\/media?parent=1224"}],"wp:term":[{"taxonomy":"product_brand","embeddable":true,"href":"https:\/\/www.cellwater.pt\/cellwater\/en\/wp-json\/wp\/v2\/product_brand?post=1224"},{"taxonomy":"product_cat","embeddable":true,"href":"https:\/\/www.cellwater.pt\/cellwater\/en\/wp-json\/wp\/v2\/product_cat?post=1224"},{"taxonomy":"product_tag","embeddable":true,"href":"https:\/\/www.cellwater.pt\/cellwater\/en\/wp-json\/wp\/v2\/product_tag?post=1224"}],"curies":[{"name":"wp","href":"https:\/\/api.w.org\/{rel}","templated":true}]}}